{"id":17718,"date":"2024-08-14T14:33:05","date_gmt":"2024-08-14T12:33:05","guid":{"rendered":"https:\/\/www.esarom.com\/impressum\/"},"modified":"2025-11-13T16:48:39","modified_gmt":"2025-11-13T15:48:39","slug":"impressum","status":"publish","type":"page","link":"https:\/\/www.esarom.com\/de\/downloads\/impressum\/","title":{"rendered":"Impressum"},"content":{"rendered":"\t\t<div data-elementor-type=\"wp-page\" data-elementor-id=\"17718\" class=\"elementor elementor-17718 elementor-922\" data-elementor-post-type=\"page\">\n\t\t\t\t<div class=\"elementor-element elementor-element-19dab0b e-flex e-con-boxed e-con e-parent\" data-id=\"19dab0b\" data-element_type=\"container\" data-e-type=\"container\">\n\t\t\t\t\t<div class=\"e-con-inner\">\n\t\t<div class=\"elementor-element elementor-element-aaa143b e-flex e-con-boxed elementor-invisible e-con e-child\" data-id=\"aaa143b\" data-element_type=\"container\" data-e-type=\"container\" data-settings=\"{&quot;animation&quot;:&quot;slideInUp&quot;}\">\n\t\t\t\t\t<div class=\"e-con-inner\">\n\t\t\t\t<div class=\"elementor-element elementor-element-906f951 elementor-widget elementor-widget-heading\" data-id=\"906f951\" data-element_type=\"widget\" data-e-type=\"widget\" data-widget_type=\"heading.default\">\n\t\t\t\t<div class=\"elementor-widget-container\">\n\t\t\t\t\t<h2 class=\"elementor-heading-title elementor-size-default\">IMPRESSUM<\/h2>\t\t\t\t<\/div>\n\t\t\t\t<\/div>\n\t\t<div class=\"elementor-element elementor-element-6e2cb1f e-grid e-con-full e-con e-child\" data-id=\"6e2cb1f\" data-element_type=\"container\" data-e-type=\"container\">\n\t\t\t\t<div class=\"elementor-element elementor-element-56877f0 elementor-widget__width-initial elementor-widget elementor-widget-text-editor\" data-id=\"56877f0\" data-element_type=\"widget\" data-e-type=\"widget\" data-widget_type=\"text-editor.default\">\n\t\t\t\t<div class=\"elementor-widget-container\">\n\t\t\t\t\t\t\t\t\t<p><b>,Firmenbuchnummer:<\/b> 329454t<\/p><p><span style=\"color: var( --e-global-color-text ); text-align: var(--text-align);\"><b>Firmenbuchgericht:<\/b> Landesgericht Korneuburg<\/span><\/p><p><b>Beh\u00f6rde nach ECG: <\/b> Bezirkshauptmannschaft Korneuburg<\/p><p><b>UID:<\/b> ATU65069123<\/p><p><b>Firmensitz:<\/b> 2105 Oberrohrbach<\/p><p><b>Gesch\u00e4ftsf\u00fchrer:<\/b> Mag. Michael Kornberger, DI Stephan M\u00f6lls, Dr. Gerald Urbanek, MSc<\/p><p><b>Informationen gem\u00e4\u00df Informationspflicht lt. <\/b> \u00a75 E-Commerce-Gesetz, \u00a714 Handelsgesetzbuch und \u00a763 Gewerbeordnung und Offenlegungspflicht sowie \u00a725 Medienrecht.<\/p><p><b>Verantwortlich f\u00fcr den Inhalt:<\/b> esarom gmbh<\/p><p><b>Bilder:<\/b> esarom gmbh, fotolia, iStockphoto, adobe stock, getty images<\/p>\t\t\t\t\t\t\t\t<\/div>\n\t\t\t\t<\/div>\n\t\t\t\t<\/div>\n\t\t\t\t\t<\/div>\n\t\t\t\t<\/div>\n\t\t\t\t\t<\/div>\n\t\t\t\t<\/div>\n\t\t<div class=\"elementor-element elementor-element-26e8a18 e-con-full e-flex e-con e-parent\" data-id=\"26e8a18\" data-element_type=\"container\" data-e-type=\"container\" data-settings=\"{&quot;background_background&quot;:&quot;classic&quot;}\">\n\t\t<div class=\"elementor-element elementor-element-cdea83a e-flex e-con-boxed e-con e-child\" data-id=\"cdea83a\" data-element_type=\"container\" data-e-type=\"container\">\n\t\t\t\t\t<div class=\"e-con-inner\">\n\t\t<div class=\"elementor-element elementor-element-892646c e-con-full e-flex elementor-invisible e-con e-child\" data-id=\"892646c\" data-element_type=\"container\" data-e-type=\"container\" data-settings=\"{&quot;animation&quot;:&quot;fadeInUp&quot;,&quot;animation_delay&quot;:300}\">\n\t\t\t\t<div class=\"elementor-element elementor-element-d6baff2 elementor-widget elementor-widget-heading\" data-id=\"d6baff2\" data-element_type=\"widget\" data-e-type=\"widget\" data-widget_type=\"heading.default\">\n\t\t\t\t<div class=\"elementor-widget-container\">\n\t\t\t\t\t<h2 class=\"elementor-heading-title elementor-size-default\">SITZ IN \u00d6STERREICH - WELTWEIT <span style=\"font-size: var( --e-global-typography-f8e0b37-font-size );font-weight: var( --e-global-typography-f8e0b37-font-weight );text-align: var(--text-align);background-color: var( --e-global-color-afde77e )\">VERNETZT <\/span> <\/h2>\t\t\t\t<\/div>\n\t\t\t\t<\/div>\n\t\t\t\t<div class=\"elementor-element elementor-element-6795467 elementor-widget elementor-widget-text-editor\" data-id=\"6795467\" data-element_type=\"widget\" data-e-type=\"widget\" data-widget_type=\"text-editor.default\">\n\t\t\t\t<div class=\"elementor-widget-container\">\n\t\t\t\t\t\t\t\t\t<p>Unser Partnernetzwerk reicht von mehreren Joint Ventures bis hin zu Vertriebspartnern aus der ganzen Welt.<br \/>Profitieren Sie von deren lokalen Marktkenntnissen und gewinnen Sie einen innovativen Partner in der Getr\u00e4nke- und Lebensmittelindustrie.<\/p>\n\t\t\t\t\t\t\t\t<\/div>\n\t\t\t\t<\/div>\n\t\t\t\t<div class=\"elementor-element elementor-element-56bd77c elementor-align-left elementor-widget elementor-widget-button\" data-id=\"56bd77c\" data-element_type=\"widget\" data-e-type=\"widget\" data-widget_type=\"button.default\">\n\t\t\t\t<div class=\"elementor-widget-container\">\n\t\t\t\t\t\t\t\t\t<div class=\"elementor-button-wrapper\">\n\t\t\t\t\t<a class=\"elementor-button elementor-button-link elementor-size-lg\" href=\"#elementor-action%3Aaction%3Dpopup%3Aopen%26settings%3DeyJpZCI6MjA0NjQsInRvZ2dsZSI6ZmFsc2V9\">\n\t\t\t\t\t\t<span class=\"elementor-button-content-wrapper\">\n\t\t\t\t\t\t\t\t\t<span class=\"elementor-button-text\">Finden Sie den esarom Partner in ihrer N\u00e4he<\/span>\n\t\t\t\t\t<\/span>\n\t\t\t\t\t<\/a>\n\t\t\t\t<\/div>\n\t\t\t\t\t\t\t\t<\/div>\n\t\t\t\t<\/div>\n\t\t\t\t<\/div>\n\t\t<div class=\"elementor-element elementor-element-3c7b8e1 e-con-full e-flex elementor-invisible e-con e-child\" data-id=\"3c7b8e1\" data-element_type=\"container\" data-e-type=\"container\" data-settings=\"{&quot;animation&quot;:&quot;fadeInUp&quot;,&quot;animation_delay&quot;:350}\">\n\t\t\t\t<div class=\"elementor-element elementor-element-7038e23 elementor-hidden-mobile elementor-widget elementor-widget-image\" data-id=\"7038e23\" data-element_type=\"widget\" data-e-type=\"widget\" data-widget_type=\"image.default\">\n\t\t\t\t<div class=\"elementor-widget-container\">\n\t\t\t\t\t\t\t\t\t\t\t\t\t\t\t\t<a href=\"#elementor-action%3Aaction%3Dpopup%3Aopen%26settings%3DeyJpZCI6MjA0NjQsInRvZ2dsZSI6ZmFsc2V9\">\n\t\t\t\t\t\t\t<img fetchpriority=\"high\" decoding=\"async\" width=\"800\" height=\"800\" src=\"https:\/\/www.esarom.com\/wp-content\/uploads\/2024\/09\/esaromworldwide-1.png\" class=\"attachment-large size-large wp-image-17570\" alt=\"esarom worldwide graphic, esarom | your partner in taste\" srcset=\"https:\/\/www.esarom.com\/wp-content\/uploads\/2024\/09\/esaromworldwide-1.png 844w, https:\/\/www.esarom.com\/wp-content\/uploads\/2024\/09\/esaromworldwide-1-300x300.png 300w, https:\/\/www.esarom.com\/wp-content\/uploads\/2024\/09\/esaromworldwide-1-150x150.png 150w, https:\/\/www.esarom.com\/wp-content\/uploads\/2024\/09\/esaromworldwide-1-768x768.png 768w\" sizes=\"(max-width: 800px) 100vw, 800px\" title=\"\">\t\t\t\t\t\t\t\t<\/a>\n\t\t\t\t\t\t\t\t\t\t\t\t\t\t\t<\/div>\n\t\t\t\t<\/div>\n\t\t\t\t<\/div>\n\t\t\t\t\t<\/div>\n\t\t\t\t<\/div>\n\t\t\t\t<\/div>\n\t\t<div class=\"elementor-element elementor-element-fd49f64 e-flex e-con-boxed e-con e-parent\" data-id=\"fd49f64\" data-element_type=\"container\" data-e-type=\"container\" data-settings=\"{&quot;background_background&quot;:&quot;classic&quot;}\">\n\t\t\t\t\t<div class=\"e-con-inner\">\n\t\t<div class=\"elementor-element elementor-element-e45a4af e-flex e-con-boxed e-con e-child\" data-id=\"e45a4af\" data-element_type=\"container\" data-e-type=\"container\">\n\t\t\t\t\t<div class=\"e-con-inner\">\n\t\t\t\t<div class=\"elementor-element elementor-element-5bf84e8 elementor-invisible elementor-widget elementor-widget-heading\" data-id=\"5bf84e8\" data-element_type=\"widget\" data-e-type=\"widget\" data-settings=\"{&quot;_animation&quot;:&quot;fadeInUp&quot;,&quot;_animation_delay&quot;:300}\" data-widget_type=\"heading.default\">\n\t\t\t\t<div class=\"elementor-widget-container\">\n\t\t\t\t\t<h1 class=\"elementor-heading-title elementor-size-default\">KONTAKT<\/h1>\t\t\t\t<\/div>\n\t\t\t\t<\/div>\n\t\t\t\t<div class=\"elementor-element elementor-element-5c7c8fc elementor-invisible elementor-widget elementor-widget-text-editor\" data-id=\"5c7c8fc\" data-element_type=\"widget\" data-e-type=\"widget\" data-settings=\"{&quot;_animation&quot;:&quot;fadeInUp&quot;,&quot;_animation_delay&quot;:300}\" data-widget_type=\"text-editor.default\">\n\t\t\t\t<div class=\"elementor-widget-container\">\n\t\t\t\t\t\t\t\t\t<p>Herzlich willkommen bei esarom in \u00d6sterreich, in der N\u00e4he von Wien! Wo Expertise auf einzigartige Geschmackserlebnisse trifft.<\/p>\n\t\t\t\t\t\t\t\t<\/div>\n\t\t\t\t<\/div>\n\t\t\t\t\t<\/div>\n\t\t\t\t<\/div>\n\t\t<div class=\"elementor-element elementor-element-2c045c5 e-flex e-con-boxed e-con e-child\" data-id=\"2c045c5\" data-element_type=\"container\" data-e-type=\"container\">\n\t\t\t\t\t<div class=\"e-con-inner\">\n\t\t<div class=\"elementor-element elementor-element-c29c036 e-con-full e-flex elementor-invisible e-con e-child\" data-id=\"c29c036\" data-element_type=\"container\" data-e-type=\"container\" data-settings=\"{&quot;background_background&quot;:&quot;classic&quot;,&quot;animation&quot;:&quot;zoomIn&quot;,&quot;animation_delay&quot;:300}\">\n\t\t<div class=\"elementor-element elementor-element-318a4db e-grid e-con-full e-con e-child\" data-id=\"318a4db\" data-element_type=\"container\" data-e-type=\"container\">\n\t\t<div class=\"elementor-element elementor-element-8d15e4f e-grid e-con-full e-con e-child\" data-id=\"8d15e4f\" data-element_type=\"container\" data-e-type=\"container\">\n\t\t\t\t<div class=\"elementor-element elementor-element-9fc7764 elementor-widget elementor-widget-image\" data-id=\"9fc7764\" data-element_type=\"widget\" data-e-type=\"widget\" data-widget_type=\"image.default\">\n\t\t\t\t<div class=\"elementor-widget-container\">\n\t\t\t\t\t\t\t\t\t\t\t\t\t\t\t<img decoding=\"async\" width=\"800\" height=\"400\" src=\"https:\/\/www.esarom.com\/wp-content\/uploads\/2024\/10\/Oberrohrbach.jpg\" class=\"attachment-large size-large wp-image-17690\" alt=\"Aerial view of an industrial building surrounded by lush green trees and vegetation. The facility has large rooftops, several vents, and is situated near a winding road.\" srcset=\"https:\/\/www.esarom.com\/wp-content\/uploads\/2024\/10\/Oberrohrbach.jpg 855w, https:\/\/www.esarom.com\/wp-content\/uploads\/2024\/10\/Oberrohrbach-300x150.jpg 300w, https:\/\/www.esarom.com\/wp-content\/uploads\/2024\/10\/Oberrohrbach-768x384.jpg 768w\" sizes=\"(max-width: 800px) 100vw, 800px\" title=\"\">\t\t\t\t\t\t\t\t\t\t\t\t\t\t\t<\/div>\n\t\t\t\t<\/div>\n\t\t\t\t<div class=\"elementor-element elementor-element-69b31af elementor-widget elementor-widget-image\" data-id=\"69b31af\" data-element_type=\"widget\" data-e-type=\"widget\" data-widget_type=\"image.default\">\n\t\t\t\t<div class=\"elementor-widget-container\">\n\t\t\t\t\t\t\t\t\t\t\t\t\t\t\t<img decoding=\"async\" width=\"800\" height=\"400\" src=\"https:\/\/www.esarom.com\/wp-content\/uploads\/2024\/10\/Rueckersdorf.jpg\" class=\"attachment-large size-large wp-image-17691\" alt=\"Aerial view of a modern industrial complex surrounded by green fields and farmland. The complex consists of two white buildings connected by a covered walkway. Several cars and trucks are parked outside. Forested hills are visible in the background.\" srcset=\"https:\/\/www.esarom.com\/wp-content\/uploads\/2024\/10\/Rueckersdorf.jpg 855w, https:\/\/www.esarom.com\/wp-content\/uploads\/2024\/10\/Rueckersdorf-300x150.jpg 300w, https:\/\/www.esarom.com\/wp-content\/uploads\/2024\/10\/Rueckersdorf-768x384.jpg 768w\" sizes=\"(max-width: 800px) 100vw, 800px\" title=\"\">\t\t\t\t\t\t\t\t\t\t\t\t\t\t\t<\/div>\n\t\t\t\t<\/div>\n\t\t\t\t<div class=\"elementor-element elementor-element-a6c1d0a elementor-widget elementor-widget-google_maps\" data-id=\"a6c1d0a\" data-element_type=\"widget\" data-e-type=\"widget\" data-widget_type=\"google_maps.default\">\n\t\t\t\t<div class=\"elementor-widget-container\">\n\t\t\t\t\t\t\t<div class=\"elementor-custom-embed\">\n\t\t\t<iframe loading=\"lazy\"\n\t\t\t\t\tsrc=\"https:\/\/maps.google.com\/maps?q=Esaromstra%C3%9Fe%2051%2C%202105%20Oberrohrbach&#038;t=m&#038;z=12&#038;output=embed&#038;iwloc=near\"\n\t\t\t\t\ttitle=\"Esaromstra\u00dfe 51, 2105 Oberrohrbach\"\n\t\t\t\t\taria-label=\"Esaromstra\u00dfe 51, 2105 Oberrohrbach\"\n\t\t\t><\/iframe>\n\t\t<\/div>\n\t\t\t\t\t\t<\/div>\n\t\t\t\t<\/div>\n\t\t\t\t<div class=\"elementor-element elementor-element-d6dbe03 elementor-widget elementor-widget-google_maps\" data-id=\"d6dbe03\" data-element_type=\"widget\" data-e-type=\"widget\" data-widget_type=\"google_maps.default\">\n\t\t\t\t<div class=\"elementor-widget-container\">\n\t\t\t\t\t\t\t<div class=\"elementor-custom-embed\">\n\t\t\t<iframe loading=\"lazy\"\n\t\t\t\t\tsrc=\"https:\/\/maps.google.com\/maps?q=Bahnhofplatz%201a%2C%202111%20R%C3%BCkersdorf-Harmannsdorf&#038;t=m&#038;z=14&#038;output=embed&#038;iwloc=near\"\n\t\t\t\t\ttitle=\"Bahnhofplatz 1a, 2111 R\u00fckersdorf-Harmannsdorf\"\n\t\t\t\t\taria-label=\"Bahnhofplatz 1a, 2111 R\u00fckersdorf-Harmannsdorf\"\n\t\t\t><\/iframe>\n\t\t<\/div>\n\t\t\t\t\t\t<\/div>\n\t\t\t\t<\/div>\n\t\t\t\t<\/div>\n\t\t\t\t<\/div>\n\t\t\t\t<div class=\"elementor-element elementor-element-15acd4c elementor-align-center elementor-widget elementor-widget-global elementor-global-17871 elementor-global-9011 elementor-widget-button\" data-id=\"15acd4c\" data-element_type=\"widget\" data-e-type=\"widget\" data-widget_type=\"button.default\">\n\t\t\t\t<div class=\"elementor-widget-container\">\n\t\t\t\t\t\t\t\t\t<div class=\"elementor-button-wrapper\">\n\t\t\t\t\t<a class=\"elementor-button elementor-button-link elementor-size-sm\" href=\"https:\/\/www.esarom.com\/de\/kontaktieren-sie-uns\/\">\n\t\t\t\t\t\t<span class=\"elementor-button-content-wrapper\">\n\t\t\t\t\t\t\t\t\t<span class=\"elementor-button-text\">KONTAKT<\/span>\n\t\t\t\t\t<\/span>\n\t\t\t\t\t<\/a>\n\t\t\t\t<\/div>\n\t\t\t\t\t\t\t\t<\/div>\n\t\t\t\t<\/div>\n\t\t<div class=\"elementor-element elementor-element-39950ff e-grid e-con-full elementor-invisible e-con e-child\" data-id=\"39950ff\" data-element_type=\"container\" data-e-type=\"container\" data-settings=\"{&quot;animation&quot;:&quot;zoomIn&quot;}\">\n\t\t\t\t<div class=\"elementor-element elementor-element-a945e10 elementor-widget elementor-widget-text-editor\" data-id=\"a945e10\" data-element_type=\"widget\" data-e-type=\"widget\" data-widget_type=\"text-editor.default\">\n\t\t\t\t<div class=\"elementor-widget-container\">\n\t\t\t\t\t\t\t\t\t<p><strong>HEADQUARTER<\/strong><br \/>esarom gmbh<br \/>Esaromstra\u00dfe 51 <br \/>2105 Oberrohrbach<br \/>\u00d6STERREICH<\/p>\n<p>Telefon: +43\/2266\/80444-0<br \/><a href=\"http:\/\/@office@esarom.com\" target=\"_blank\" rel=\"noopener\">office(at)esarom.com<\/a><\/p>\n\t\t\t\t\t\t\t\t<\/div>\n\t\t\t\t<\/div>\n\t\t\t\t<div class=\"elementor-element elementor-element-33cd434 elementor-widget elementor-widget-text-editor\" data-id=\"33cd434\" data-element_type=\"widget\" data-e-type=\"widget\" data-widget_type=\"text-editor.default\">\n\t\t\t\t<div class=\"elementor-widget-container\">\n\t\t\t\t\t\t\t\t\t<p><strong>HOUSE OF TASTE &amp; <\/strong><strong>LOGISTIKZENTRUM<\/strong><br \/>esarom gmbh<br \/>Bahnhofplatz 1a<br \/>2111 R\u00fcckersdorf-Harmannsdorf<br \/>\u00d6STERREICH<\/p>\n<p><span style=\"text-align: justify;\">Telefon: +43\/2266\/80444-0<\/span><br style=\"text-align: justify;\"><span style=\"text-align: justify;\"><a href=\"office@esarom.com\">office(at)esarom.com<\/a><\/span><\/p>\n\t\t\t\t\t\t\t\t<\/div>\n\t\t\t\t<\/div>\n\t\t\t\t<\/div>\n\t\t\t\t<\/div>\n\t\t\t\t\t<\/div>\n\t\t\t\t<\/div>\n\t\t\t\t\t<\/div>\n\t\t\t\t<\/div>\n\t\t\t\t<\/div>\n\t\t","protected":false},"excerpt":{"rendered":"<p>IMPRESSUM ,Firmenbuchnummer: 329454t Firmenbuchgericht: Landesgericht Korneuburg Beh\u00f6rde nach ECG: Bezirkshauptmannschaft Korneuburg UID: ATU65069123 Firmensitz: 2105 Oberrohrbach Gesch\u00e4ftsf\u00fchrer: Mag. Michael Kornberger, DI Stephan M\u00f6lls, Dr. Gerald Urbanek, MSc Informationen gem\u00e4\u00df Informationspflicht lt. \u00a75 E-Commerce-Gesetz, \u00a714 Handelsgesetzbuch und \u00a763 Gewerbeordnung und Offenlegungspflicht sowie \u00a725 Medienrecht. Verantwortlich f\u00fcr den Inhalt: esarom gmbh Bilder: esarom gmbh, fotolia, iStockphoto, adobe [&hellip;]<\/p>\n","protected":false},"author":2,"featured_media":0,"parent":17811,"menu_order":0,"comment_status":"closed","ping_status":"closed","template":"elementor_header_footer","meta":{"_acf_changed":false,"inline_featured_image":false,"footnotes":""},"class_list":["post-17718","page","type-page","status-publish","hentry"],"acf":[],"_links":{"self":[{"href":"https:\/\/www.esarom.com\/de\/wp-json\/wp\/v2\/pages\/17718","targetHints":{"allow":["GET"]}}],"collection":[{"href":"https:\/\/www.esarom.com\/de\/wp-json\/wp\/v2\/pages"}],"about":[{"href":"https:\/\/www.esarom.com\/de\/wp-json\/wp\/v2\/types\/page"}],"author":[{"embeddable":true,"href":"https:\/\/www.esarom.com\/de\/wp-json\/wp\/v2\/users\/2"}],"replies":[{"embeddable":true,"href":"https:\/\/www.esarom.com\/de\/wp-json\/wp\/v2\/comments?post=17718"}],"version-history":[{"count":11,"href":"https:\/\/www.esarom.com\/de\/wp-json\/wp\/v2\/pages\/17718\/revisions"}],"predecessor-version":[{"id":27512,"href":"https:\/\/www.esarom.com\/de\/wp-json\/wp\/v2\/pages\/17718\/revisions\/27512"}],"up":[{"embeddable":true,"href":"https:\/\/www.esarom.com\/de\/wp-json\/wp\/v2\/pages\/17811"}],"wp:attachment":[{"href":"https:\/\/www.esarom.com\/de\/wp-json\/wp\/v2\/media?parent=17718"}],"curies":[{"name":"wp","href":"https:\/\/api.w.org\/{rel}","templated":true}]}}