{"id":17747,"date":"2024-08-14T14:21:00","date_gmt":"2024-08-14T12:21:00","guid":{"rendered":"https:\/\/www.esarom.com\/verhaltenskodex\/"},"modified":"2024-10-23T14:09:33","modified_gmt":"2024-10-23T12:09:33","slug":"verhaltenskodex","status":"publish","type":"page","link":"https:\/\/www.esarom.com\/de\/downloads\/verhaltenskodex\/","title":{"rendered":"Verhaltenskodex"},"content":{"rendered":"\t\t<div data-elementor-type=\"wp-page\" data-elementor-id=\"17747\" class=\"elementor elementor-17747 elementor-3928\" data-elementor-post-type=\"page\">\n\t\t\t\t<div class=\"elementor-element elementor-element-8c72b76 e-flex e-con-boxed e-con e-parent\" data-id=\"8c72b76\" data-element_type=\"container\" data-e-type=\"container\">\n\t\t\t\t\t<div class=\"e-con-inner\">\n\t\t\t\t<div class=\"elementor-element elementor-element-def2b44 elementor-invisible elementor-widget elementor-widget-heading\" data-id=\"def2b44\" data-element_type=\"widget\" data-e-type=\"widget\" data-settings=\"{&quot;_animation&quot;:&quot;fadeInUp&quot;}\" data-widget_type=\"heading.default\">\n\t\t\t\t<div class=\"elementor-widget-container\">\n\t\t\t\t\t<h2 class=\"elementor-heading-title elementor-size-default\">VERHALTENSKODEX F\u00dcR LIEFERANTEN<\/h2>\t\t\t\t<\/div>\n\t\t\t\t<\/div>\n\t\t\t\t<div class=\"elementor-element elementor-element-d135ed3 elementor-invisible elementor-widget elementor-widget-text-editor\" data-id=\"d135ed3\" data-element_type=\"widget\" data-e-type=\"widget\" data-settings=\"{&quot;_animation&quot;:&quot;fadeInUp&quot;}\" data-widget_type=\"text-editor.default\">\n\t\t\t\t<div class=\"elementor-widget-container\">\n\t\t\t\t\t\t\t\t\t<p>Der esarom Code of Conduct fasst die wichtigsten Grunds\u00e4tze der esarom gmbh zusammen, die f\u00fcr alle Gesch\u00e4ftsbereiche und Standorte der esarom sowie f\u00fcr alle esarom-Mitarbeiter gelten. Wir erwarten auch von unseren Lieferanten, dass sie sich an diese Verhaltensgrunds\u00e4tze halten. <\/p>\n\t\t\t\t\t\t\t\t<\/div>\n\t\t\t\t<\/div>\n\t\t\t\t\t<\/div>\n\t\t\t\t<\/div>\n\t\t<div class=\"elementor-element elementor-element-d2d20ec e-flex e-con-boxed e-con e-parent\" data-id=\"d2d20ec\" data-element_type=\"container\" data-e-type=\"container\">\n\t\t\t\t\t<div class=\"e-con-inner\">\n\t\t\t\t<div class=\"elementor-element elementor-element-32fe6b8 elementor-invisible elementor-widget elementor-widget-heading\" data-id=\"32fe6b8\" data-element_type=\"widget\" data-e-type=\"widget\" data-settings=\"{&quot;_animation&quot;:&quot;fadeInUp&quot;}\" data-widget_type=\"heading.default\">\n\t\t\t\t<div class=\"elementor-widget-container\">\n\t\t\t\t\t<h2 class=\"elementor-heading-title elementor-size-default\">GESETZ UND VERORDNUNG<\/h2>\t\t\t\t<\/div>\n\t\t\t\t<\/div>\n\t\t\t\t<div class=\"elementor-element elementor-element-f0230a6 elementor-invisible elementor-widget elementor-widget-text-editor\" data-id=\"f0230a6\" data-element_type=\"widget\" data-e-type=\"widget\" data-settings=\"{&quot;_animation&quot;:&quot;fadeInUp&quot;}\" data-widget_type=\"text-editor.default\">\n\t\t\t\t<div class=\"elementor-widget-container\">\n\t\t\t\t\t\t\t\t\t<p>Unser Unternehmen h\u00e4lt sich an die Gesetze und Vorschriften, die in den L\u00e4ndern, in denen wir t\u00e4tig sind, gelten.<\/p>\n\t\t\t\t\t\t\t\t<\/div>\n\t\t\t\t<\/div>\n\t\t\t\t<div class=\"elementor-element elementor-element-806e13d elementor-invisible elementor-widget elementor-widget-heading\" data-id=\"806e13d\" data-element_type=\"widget\" data-e-type=\"widget\" data-settings=\"{&quot;_animation&quot;:&quot;fadeInUp&quot;}\" data-widget_type=\"heading.default\">\n\t\t\t\t<div class=\"elementor-widget-container\">\n\t\t\t\t\t<h2 class=\"elementor-heading-title elementor-size-default\">TRANSPARENZ<\/h2>\t\t\t\t<\/div>\n\t\t\t\t<\/div>\n\t\t\t\t<div class=\"elementor-element elementor-element-b7fdf89 elementor-invisible elementor-widget elementor-widget-text-editor\" data-id=\"b7fdf89\" data-element_type=\"widget\" data-e-type=\"widget\" data-settings=\"{&quot;_animation&quot;:&quot;fadeInUp&quot;}\" data-widget_type=\"text-editor.default\">\n\t\t\t\t<div class=\"elementor-widget-container\">\n\t\t\t\t\t\t\t\t\t<p>Unser Unternehmen setzt sich f\u00fcr den Bedarf an Informationen \u00fcber Produkte und deren Herstellung ein, insbesondere im Bereich der Lebensmittelproduktion. Wenn m\u00f6glich, wird unser Unternehmen solche Informationen an unsere Kunden weitergeben. <\/p>\n\t\t\t\t\t\t\t\t<\/div>\n\t\t\t\t<\/div>\n\t\t\t\t<div class=\"elementor-element elementor-element-3a9348f elementor-invisible elementor-widget elementor-widget-heading\" data-id=\"3a9348f\" data-element_type=\"widget\" data-e-type=\"widget\" data-settings=\"{&quot;_animation&quot;:&quot;fadeInUp&quot;}\" data-widget_type=\"heading.default\">\n\t\t\t\t<div class=\"elementor-widget-container\">\n\t\t\t\t\t<h2 class=\"elementor-heading-title elementor-size-default\">CORPORATE CITIZENSHIP<\/h2>\t\t\t\t<\/div>\n\t\t\t\t<\/div>\n\t\t\t\t<div class=\"elementor-element elementor-element-786f2c7 elementor-invisible elementor-widget elementor-widget-text-editor\" data-id=\"786f2c7\" data-element_type=\"widget\" data-e-type=\"widget\" data-settings=\"{&quot;_animation&quot;:&quot;fadeInUp&quot;}\" data-widget_type=\"text-editor.default\">\n\t\t\t\t<div class=\"elementor-widget-container\">\n\t\t\t\t\t\t\t\t\t<p>Unser Unternehmen demonstriert sein gesellschaftliches Engagement, indem es positive Beitr\u00e4ge zu den Gemeinden leistet, in denen wir t\u00e4tig sind.<\/p>\n\t\t\t\t\t\t\t\t<\/div>\n\t\t\t\t<\/div>\n\t\t\t\t<div class=\"elementor-element elementor-element-c04260f elementor-invisible elementor-widget elementor-widget-heading\" data-id=\"c04260f\" data-element_type=\"widget\" data-e-type=\"widget\" data-settings=\"{&quot;_animation&quot;:&quot;fadeInUp&quot;}\" data-widget_type=\"heading.default\">\n\t\t\t\t<div class=\"elementor-widget-container\">\n\t\t\t\t\t<h2 class=\"elementor-heading-title elementor-size-default\">INTEGRIT\u00c4T UND ANTI-KORRUPTION<\/h2>\t\t\t\t<\/div>\n\t\t\t\t<\/div>\n\t\t\t\t<div class=\"elementor-element elementor-element-6c0a688 elementor-invisible elementor-widget elementor-widget-text-editor\" data-id=\"6c0a688\" data-element_type=\"widget\" data-e-type=\"widget\" data-settings=\"{&quot;_animation&quot;:&quot;fadeInUp&quot;}\" data-widget_type=\"text-editor.default\">\n\t\t\t\t<div class=\"elementor-widget-container\">\n\t\t\t\t\t\t\t\t\t<p>Unser Unternehmen ist ethischen Werten und Prinzipien verpflichtet. Integrit\u00e4t, Ehrlichkeit, Respekt vor der Menschenw\u00fcrde, Offenheit und Nichtdiskriminierung aufgrund von Religion, Ideologie, Geschlecht, sexueller Orientierung, Herkunft oder ethnischer Zugeh\u00f6rigkeit sind wesentliche Grunds\u00e4tze all unserer Aktivit\u00e4ten. Als Teil der Lieferkette erf\u00fcllen wir stets unsere Sorgfaltspflichten f\u00fcr ein verantwortungsvolles Gesch\u00e4ftsgebaren. Unser Unternehmen lehnt jede Form von Korruption oder Bestechung im Sinne der einschl\u00e4gigen UN-Konvention ab. Mitarbeitern unseres Unternehmens ist es untersagt, Gef\u00e4lligkeiten anzunehmen und Dritte durch Gef\u00e4lligkeiten zu beeinflussen. Jede Handlung, die den Anschein einer verbotenen Einflussnahme erwecken k\u00f6nnte, ist ebenfalls zu unterlassen. Mitarbeiter d\u00fcrfen nur Bewirtungen im \u00fcblichen Rahmen und symbolische Geschenke annehmen, die den Umst\u00e4nden angemessen sind. In Zweifelsf\u00e4llen muss die Zustimmung des Vorstands eingeholt werden. In jedem Fall sind die Annahme und das Anbieten von finanziellen Vorteilen (Bargeld, Provisionen, Darlehen usw.) verboten.        <\/p>\n\t\t\t\t\t\t\t\t<\/div>\n\t\t\t\t<\/div>\n\t\t\t\t<div class=\"elementor-element elementor-element-53035fc elementor-invisible elementor-widget elementor-widget-heading\" data-id=\"53035fc\" data-element_type=\"widget\" data-e-type=\"widget\" data-settings=\"{&quot;_animation&quot;:&quot;fadeInUp&quot;}\" data-widget_type=\"heading.default\">\n\t\t\t\t<div class=\"elementor-widget-container\">\n\t\t\t\t\t<h2 class=\"elementor-heading-title elementor-size-default\">ZWANGSARBEIT<\/h2>\t\t\t\t<\/div>\n\t\t\t\t<\/div>\n\t\t\t\t<div class=\"elementor-element elementor-element-1c2951a elementor-invisible elementor-widget elementor-widget-text-editor\" data-id=\"1c2951a\" data-element_type=\"widget\" data-e-type=\"widget\" data-settings=\"{&quot;_animation&quot;:&quot;fadeInUp&quot;}\" data-widget_type=\"text-editor.default\">\n\t\t\t\t<div class=\"elementor-widget-container\">\n\t\t\t\t\t\t\t\t\t<p>Unser Unternehmen nutzt weder Zwangsarbeit noch unfreie Arbeit und profitiert auch nicht davon.<\/p>\n\t\t\t\t\t\t\t\t<\/div>\n\t\t\t\t<\/div>\n\t\t\t\t<div class=\"elementor-element elementor-element-5217ce5 elementor-invisible elementor-widget elementor-widget-heading\" data-id=\"5217ce5\" data-element_type=\"widget\" data-e-type=\"widget\" data-settings=\"{&quot;_animation&quot;:&quot;fadeInUp&quot;}\" data-widget_type=\"heading.default\">\n\t\t\t\t<div class=\"elementor-widget-container\">\n\t\t\t\t\t<h2 class=\"elementor-heading-title elementor-size-default\">KINDERARBEIT<\/h2>\t\t\t\t<\/div>\n\t\t\t\t<\/div>\n\t\t\t\t<div class=\"elementor-element elementor-element-9b73f8f elementor-invisible elementor-widget elementor-widget-text-editor\" data-id=\"9b73f8f\" data-element_type=\"widget\" data-e-type=\"widget\" data-settings=\"{&quot;_animation&quot;:&quot;fadeInUp&quot;}\" data-widget_type=\"text-editor.default\">\n\t\t\t\t<div class=\"elementor-widget-container\">\n\t\t\t\t\t\t\t\t\t<p>Unser Unternehmen nutzt weder Kinderarbeit noch profitiert es davon. Die Altersbeschr\u00e4nkungen in dem Land, in dem wir t\u00e4tig sind, werden eingehalten. Unabh\u00e4ngig davon wird niemand zur Arbeit eingeteilt, der im schulpflichtigen Alter und\/oder j\u00fcnger als 15 Jahre ist (vorbehaltlich der in der ILO-Konvention 138 festgelegten Ausnahmen). Arbeitnehmer unter 18 Jahren d\u00fcrfen keine gef\u00e4hrlichen Arbeiten verrichten und k\u00f6nnen mit R\u00fccksicht auf ihre Bildungsbed\u00fcrfnisse von der Nachtarbeit befreit werden.   <\/p>\n\t\t\t\t\t\t\t\t<\/div>\n\t\t\t\t<\/div>\n\t\t\t\t<div class=\"elementor-element elementor-element-c8cc48a elementor-invisible elementor-widget elementor-widget-heading\" data-id=\"c8cc48a\" data-element_type=\"widget\" data-e-type=\"widget\" data-settings=\"{&quot;_animation&quot;:&quot;fadeInUp&quot;}\" data-widget_type=\"heading.default\">\n\t\t\t\t<div class=\"elementor-widget-container\">\n\t\t\t\t\t<h2 class=\"elementor-heading-title elementor-size-default\">HARASSMENT<\/h2>\t\t\t\t<\/div>\n\t\t\t\t<\/div>\n\t\t\t\t<div class=\"elementor-element elementor-element-027caca elementor-invisible elementor-widget elementor-widget-text-editor\" data-id=\"027caca\" data-element_type=\"widget\" data-e-type=\"widget\" data-settings=\"{&quot;_animation&quot;:&quot;fadeInUp&quot;}\" data-widget_type=\"text-editor.default\">\n\t\t\t\t<div class=\"elementor-widget-container\">\n\t\t\t\t\t\t\t\t\t<p>Mitarbeiter werden weder k\u00f6rperlich, sexuell, psychologisch oder verbal bel\u00e4stigt oder missbraucht noch werden sie k\u00f6rperlich bestraft.<\/p>\n\t\t\t\t\t\t\t\t<\/div>\n\t\t\t\t<\/div>\n\t\t\t\t<div class=\"elementor-element elementor-element-73f371d elementor-invisible elementor-widget elementor-widget-heading\" data-id=\"73f371d\" data-element_type=\"widget\" data-e-type=\"widget\" data-settings=\"{&quot;_animation&quot;:&quot;fadeInUp&quot;}\" data-widget_type=\"heading.default\">\n\t\t\t\t<div class=\"elementor-widget-container\">\n\t\t\t\t\t<h2 class=\"elementor-heading-title elementor-size-default\">VERG\u00dcTUNG UND LEISTUNGEN<\/h2>\t\t\t\t<\/div>\n\t\t\t\t<\/div>\n\t\t\t\t<div class=\"elementor-element elementor-element-91bfa6b elementor-invisible elementor-widget elementor-widget-text-editor\" data-id=\"91bfa6b\" data-element_type=\"widget\" data-e-type=\"widget\" data-settings=\"{&quot;_animation&quot;:&quot;fadeInUp&quot;}\" data-widget_type=\"text-editor.default\">\n\t\t\t\t<div class=\"elementor-widget-container\">\n\t\t\t\t\t\t\t\t\t<p>Alle Entsch\u00e4digungen entsprechen den geltenden Gesetzen und Vorschriften oder \u00fcbersteigen diese.<\/p>\n\t\t\t\t\t\t\t\t<\/div>\n\t\t\t\t<\/div>\n\t\t\t\t<div class=\"elementor-element elementor-element-b572c6b elementor-invisible elementor-widget elementor-widget-heading\" data-id=\"b572c6b\" data-element_type=\"widget\" data-e-type=\"widget\" data-settings=\"{&quot;_animation&quot;:&quot;fadeInUp&quot;}\" data-widget_type=\"heading.default\">\n\t\t\t\t<div class=\"elementor-widget-container\">\n\t\t\t\t\t<h2 class=\"elementor-heading-title elementor-size-default\">NICHT-DISKRIMINIERUNG<\/h2>\t\t\t\t<\/div>\n\t\t\t\t<\/div>\n\t\t\t\t<div class=\"elementor-element elementor-element-1aed258 elementor-invisible elementor-widget elementor-widget-text-editor\" data-id=\"1aed258\" data-element_type=\"widget\" data-e-type=\"widget\" data-settings=\"{&quot;_animation&quot;:&quot;fadeInUp&quot;}\" data-widget_type=\"text-editor.default\">\n\t\t\t\t<div class=\"elementor-widget-container\">\n\t\t\t\t\t\t\t\t\t<p>Bei allen Besch\u00e4ftigungsentscheidungen, einschlie\u00dflich Einstellung und Bef\u00f6rderung, Verg\u00fctung, Sozialleistungen, Schulungen, Entlassungen und K\u00fcndigungen, werden alle Mitarbeiter streng nach ihren F\u00e4higkeiten und Qualifikationen behandelt &#8211; ungeachtet von Geschlecht, Alter, Herkunft, sexueller Orientierung, Religion und Weltanschauung<\/p>\n\t\t\t\t\t\t\t\t<\/div>\n\t\t\t\t<\/div>\n\t\t\t\t<div class=\"elementor-element elementor-element-39673cd elementor-invisible elementor-widget elementor-widget-heading\" data-id=\"39673cd\" data-element_type=\"widget\" data-e-type=\"widget\" data-settings=\"{&quot;_animation&quot;:&quot;fadeInUp&quot;}\" data-widget_type=\"heading.default\">\n\t\t\t\t<div class=\"elementor-widget-container\">\n\t\t\t\t\t<h2 class=\"elementor-heading-title elementor-size-default\">GESUNDHEIT UND SICHERHEIT AM ARBEITSPLATZ<\/h2>\t\t\t\t<\/div>\n\t\t\t\t<\/div>\n\t\t\t\t<div class=\"elementor-element elementor-element-8d71e3a elementor-invisible elementor-widget elementor-widget-text-editor\" data-id=\"8d71e3a\" data-element_type=\"widget\" data-e-type=\"widget\" data-settings=\"{&quot;_animation&quot;:&quot;fadeInUp&quot;}\" data-widget_type=\"text-editor.default\">\n\t\t\t\t<div class=\"elementor-widget-container\">\n\t\t\t\t\t\t\t\t\t<p>Um Unf\u00e4lle und Verletzungen zu vermeiden, sorgt unser Unternehmen f\u00fcr ein sicheres und gesundes Arbeitsumfeld und unterst\u00fctzt die Verbesserung der Arbeitsbedingungen.<\/p>\n\t\t\t\t\t\t\t\t<\/div>\n\t\t\t\t<\/div>\n\t\t\t\t<div class=\"elementor-element elementor-element-6b1652a elementor-invisible elementor-widget elementor-widget-heading\" data-id=\"6b1652a\" data-element_type=\"widget\" data-e-type=\"widget\" data-settings=\"{&quot;_animation&quot;:&quot;fadeInUp&quot;}\" data-widget_type=\"heading.default\">\n\t\t\t\t<div class=\"elementor-widget-container\">\n\t\t\t\t\t<h2 class=\"elementor-heading-title elementor-size-default\">VERSAMMLUNGSFREIHEIT<\/h2>\t\t\t\t<\/div>\n\t\t\t\t<\/div>\n\t\t\t\t<div class=\"elementor-element elementor-element-be033d9 elementor-invisible elementor-widget elementor-widget-text-editor\" data-id=\"be033d9\" data-element_type=\"widget\" data-e-type=\"widget\" data-settings=\"{&quot;_animation&quot;:&quot;fadeInUp&quot;}\" data-widget_type=\"text-editor.default\">\n\t\t\t\t<div class=\"elementor-widget-container\">\n\t\t\t\t\t\t\t\t\t<p>Unser Unternehmen anerkennt und respektiert die Vereinigungsfreiheit seiner Mitarbeiter<\/p>\n\t\t\t\t\t\t\t\t<\/div>\n\t\t\t\t<\/div>\n\t\t\t\t<div class=\"elementor-element elementor-element-f6ce0f4 elementor-invisible elementor-widget elementor-widget-heading\" data-id=\"f6ce0f4\" data-element_type=\"widget\" data-e-type=\"widget\" data-settings=\"{&quot;_animation&quot;:&quot;fadeInUp&quot;}\" data-widget_type=\"heading.default\">\n\t\t\t\t<div class=\"elementor-widget-container\">\n\t\t\t\t\t<h2 class=\"elementor-heading-title elementor-size-default\">UMWELT<\/h2>\t\t\t\t<\/div>\n\t\t\t\t<\/div>\n\t\t\t\t<div class=\"elementor-element elementor-element-4b15709 elementor-invisible elementor-widget elementor-widget-text-editor\" data-id=\"4b15709\" data-element_type=\"widget\" data-e-type=\"widget\" data-settings=\"{&quot;_animation&quot;:&quot;fadeInUp&quot;}\" data-widget_type=\"text-editor.default\">\n\t\t\t\t<div class=\"elementor-widget-container\">\n\t\t\t\t\t\t\t\t\t<p>Unser Unternehmen h\u00e4lt sich an alle geltenden Umweltschutzvorschriften. Dar\u00fcber hinaus f\u00fchrt unser Unternehmen in allen Einrichtungen, in denen es t\u00e4tig ist, umweltfreundliche Prozesse ein und verbessert diese st\u00e4ndig. Erreichte Verbesserungen und geplante Ma\u00dfnahmen werden dokumentiert und diese Dokumentation wird unseren Kunden auf Wunsch zur Verf\u00fcgung gestellt.  <\/p>\n\t\t\t\t\t\t\t\t<\/div>\n\t\t\t\t<\/div>\n\t\t\t\t\t<\/div>\n\t\t\t\t<\/div>\n\t\t<div class=\"elementor-element elementor-element-737751a e-flex e-con-boxed e-con e-parent\" data-id=\"737751a\" data-element_type=\"container\" data-e-type=\"container\">\n\t\t\t\t\t<div class=\"e-con-inner\">\n\t\t\t\t<div class=\"elementor-element elementor-element-9b24815 elementor-widget elementor-widget-embedpress_pdf\" data-id=\"9b24815\" data-element_type=\"widget\" data-e-type=\"widget\" data-widget_type=\"embedpress_pdf.default\">\n\t\t\t\t<div class=\"elementor-widget-container\">\n\t\t\t\t\t    <div class=\"embedpress-document-embed ep-doc-5de86f9354e4413e058f4e6565ca1f8f ose-document emebedpress-unit-percent \" data-thememode=\"light\" data-customcolor=\"\" data-toolbar=\"yes\" data-toolbar-position=\"bottom\" data-open=\"no\" data-presentation-mode=\"\" data-download=\"yes\" data-copy=\"yes\" data-add-image=\"\" data-rotate=\"\" data-details=\"\" data-id=\"embedpress-pdf-9b24815\" data-selection-tool=\"0\" data-scrolling=\"0\" data-spreads=\"-1\" style=\" max-width:100%; display: inline-block\">\n\n        \n                <div >\n\n                    <div id=\"ep-elementor-content-9b24815\" class=\"ep-elementor-content   ep-percentage-width   ep-content-protection-disabled\">\n                        <div id=\"9b24815\" class=\"ep-embed-content-wraper\">\n                            <div><iframe title=\"CodeOfConduct_Purchasing\" class=\"embedpress-embed-document-pdf embedpress-pdf-9b24815\" style=\"width: 600%!important;height: 800px;; max-width:100%; display: inline-block\" src=\"https:\/\/www.esarom.com\/wp-admin\/admin-ajax.php?action=get_flipbook_viewer&#038;file=https%3A%2F%2Fwww.esarom.com%2Fwp-content%2Fuploads%2F2024%2F09%2FCodeOfConduct_Purchasing.pdf&#038;key=dGhlbWVNb2RlPWxpZ2h0JnRvb2xiYXI9dHJ1ZSZwb3NpdGlvbj1ib3R0b20mcHJlc2VudGF0aW9uPWZhbHNlJmxhenlMb2FkPWZhbHNlJmRvd25sb2FkPXRydWUmY29weV90ZXh0PXRydWUmYWRkX3RleHQ9ZmFsc2UmZHJhdz10cnVlJmFkZF9pbWFnZT1mYWxzZSZwZGZfcm90YXRpb249ZmFsc2UmcGRmX2RldGFpbHM9ZmFsc2Umem9vbV9pbj10cnVlJnpvb21fb3V0PXRydWUmZml0X3ZpZXc9dHJ1ZSZib29rbWFyaz10cnVlJnNvdW5kPXRydWUmZmxpcGJvb2tfdG9vbGJhcl9wb3NpdGlvbj1ib3R0b20mc2VsZWN0aW9uX3Rvb2w9MCZzY3JvbGxpbmc9MCZzcHJlYWRzPS0xJmlzX3Byb19hY3RpdmU9MCZwYWdlTnVtYmVyPTEmd2F0ZXJtYXJrX3RleHQ9JndhdGVybWFya19mb250X3NpemU9NDgmd2F0ZXJtYXJrX2NvbG9yPSUyMzAwMDAwMCZ3YXRlcm1hcmtfb3BhY2l0eT0xNSZ3YXRlcm1hcmtfc3R5bGU9Y2VudGVy\" class=\"embedpress-embed-document-pdf embedpress-pdf-9b24815\" data-emid=\"embedpress-pdf-9b24815\" data-embed-type=\"PDF\" frameborder=\"0\"><\/iframe><\/div>                        <\/div>\n\n                    <\/div>\n\n\n                   \n                <\/div>\n            \n    <\/div>\n\n\t\t\t\t<\/div>\n\t\t\t\t<\/div>\n\t\t\t\t\t<\/div>\n\t\t\t\t<\/div>\n\t\t\t\t<\/div>\n\t\t","protected":false},"excerpt":{"rendered":"<p>VERHALTENSKODEX F\u00dcR LIEFERANTEN Der esarom Code of Conduct fasst die wichtigsten Grunds\u00e4tze der esarom gmbh zusammen, die f\u00fcr alle Gesch\u00e4ftsbereiche und Standorte der esarom sowie f\u00fcr alle esarom-Mitarbeiter gelten. Wir erwarten auch von unseren Lieferanten, dass sie sich an diese Verhaltensgrunds\u00e4tze halten. GESETZ UND VERORDNUNG Unser Unternehmen h\u00e4lt sich an die Gesetze und Vorschriften, die [&hellip;]<\/p>\n","protected":false},"author":2,"featured_media":0,"parent":17811,"menu_order":0,"comment_status":"closed","ping_status":"closed","template":"elementor_header_footer","meta":{"_acf_changed":false,"inline_featured_image":false,"footnotes":""},"class_list":["post-17747","page","type-page","status-publish","hentry"],"acf":[],"_links":{"self":[{"href":"https:\/\/www.esarom.com\/de\/wp-json\/wp\/v2\/pages\/17747","targetHints":{"allow":["GET"]}}],"collection":[{"href":"https:\/\/www.esarom.com\/de\/wp-json\/wp\/v2\/pages"}],"about":[{"href":"https:\/\/www.esarom.com\/de\/wp-json\/wp\/v2\/types\/page"}],"author":[{"embeddable":true,"href":"https:\/\/www.esarom.com\/de\/wp-json\/wp\/v2\/users\/2"}],"replies":[{"embeddable":true,"href":"https:\/\/www.esarom.com\/de\/wp-json\/wp\/v2\/comments?post=17747"}],"version-history":[{"count":1,"href":"https:\/\/www.esarom.com\/de\/wp-json\/wp\/v2\/pages\/17747\/revisions"}],"predecessor-version":[{"id":17748,"href":"https:\/\/www.esarom.com\/de\/wp-json\/wp\/v2\/pages\/17747\/revisions\/17748"}],"up":[{"embeddable":true,"href":"https:\/\/www.esarom.com\/de\/wp-json\/wp\/v2\/pages\/17811"}],"wp:attachment":[{"href":"https:\/\/www.esarom.com\/de\/wp-json\/wp\/v2\/media?parent=17747"}],"curies":[{"name":"wp","href":"https:\/\/api.w.org\/{rel}","templated":true}]}}