{"id":27826,"date":"2026-01-16T11:21:38","date_gmt":"2026-01-16T10:21:38","guid":{"rendered":"https:\/\/www.esarom.com\/?page_id=27826"},"modified":"2026-04-09T10:32:32","modified_gmt":"2026-04-09T08:32:32","slug":"bewerbung-2","status":"publish","type":"page","link":"https:\/\/www.esarom.com\/de\/bewerbung-2\/","title":{"rendered":"Bewerbung 1"},"content":{"rendered":"\t\t<div data-elementor-type=\"wp-page\" data-elementor-id=\"27826\" class=\"elementor elementor-27826\" data-elementor-post-type=\"page\">\n\t\t\t\t<div class=\"elementor-element elementor-element-e756c56 e-con-full e-flex e-con e-parent\" data-id=\"e756c56\" data-element_type=\"container\" data-e-type=\"container\">\n\t\t\t\t<div class=\"elementor-element elementor-element-5b16637 elementor-widget elementor-widget-image\" data-id=\"5b16637\" data-element_type=\"widget\" data-e-type=\"widget\" data-widget_type=\"image.default\">\n\t\t\t\t<div class=\"elementor-widget-container\">\n\t\t\t\t\t\t\t\t\t\t\t\t\t\t\t<img fetchpriority=\"high\" decoding=\"async\" width=\"2071\" height=\"800\" src=\"https:\/\/www.esarom.com\/wp-content\/uploads\/2026\/04\/Wearehiring.jpg\" class=\"attachment-full size-full wp-image-29385\" alt=\"A hand holds a white megaphone with blue accents, emitting black sound waves and the words &quot;WE ARE HIRING \u2013 offene Stellen&quot; on an orange and gray abstract background.\" srcset=\"https:\/\/www.esarom.com\/wp-content\/uploads\/2026\/04\/Wearehiring.jpg 2071w, https:\/\/www.esarom.com\/wp-content\/uploads\/2026\/04\/Wearehiring-300x116.jpg 300w, https:\/\/www.esarom.com\/wp-content\/uploads\/2026\/04\/Wearehiring-1024x396.jpg 1024w, https:\/\/www.esarom.com\/wp-content\/uploads\/2026\/04\/Wearehiring-768x297.jpg 768w, https:\/\/www.esarom.com\/wp-content\/uploads\/2026\/04\/Wearehiring-1536x593.jpg 1536w, https:\/\/www.esarom.com\/wp-content\/uploads\/2026\/04\/Wearehiring-2048x791.jpg 2048w\" sizes=\"(max-width: 2071px) 100vw, 2071px\" title=\"\">\t\t\t\t\t\t\t\t\t\t\t\t\t\t\t<\/div>\n\t\t\t\t<\/div>\n\t\t\t\t<\/div>\n\t\t<div class=\"elementor-element elementor-element-e600c9e e-flex e-con-boxed e-con e-parent\" data-id=\"e600c9e\" data-element_type=\"container\" data-e-type=\"container\">\n\t\t\t\t\t<div class=\"e-con-inner\">\n\t\t<div class=\"elementor-element elementor-element-fad17ef e-flex e-con-boxed e-con e-child\" data-id=\"fad17ef\" data-element_type=\"container\" data-e-type=\"container\">\n\t\t\t\t\t<div class=\"e-con-inner\">\n\t\t<div class=\"elementor-element elementor-element-6c49ef5 e-con-full elementor-hidden-mobile e-flex e-con e-child\" data-id=\"6c49ef5\" data-element_type=\"container\" data-e-type=\"container\">\n\t\t\t\t<div class=\"elementor-element elementor-element-c0018be elementor-invisible elementor-widget elementor-widget-image\" data-id=\"c0018be\" data-element_type=\"widget\" data-e-type=\"widget\" data-settings=\"{&quot;_animation&quot;:&quot;fadeInUp&quot;,&quot;_animation_delay&quot;:300}\" data-widget_type=\"image.default\">\n\t\t\t\t<div class=\"elementor-widget-container\">\n\t\t\t\t\t\t\t\t\t\t\t\t\t\t\t<img decoding=\"async\" width=\"800\" height=\"112\" src=\"https:\/\/www.esarom.com\/wp-content\/uploads\/2025\/11\/Standort_Nadel_ORB-1024x143.png\" class=\"attachment-large size-large wp-image-27625\" alt=\"An orange map pin icon appears next to the German text \u201cStandort: Oberrohrbach Produktionslogistik\u201d on a light gray background.\" srcset=\"https:\/\/www.esarom.com\/wp-content\/uploads\/2025\/11\/Standort_Nadel_ORB-1024x143.png 1024w, https:\/\/www.esarom.com\/wp-content\/uploads\/2025\/11\/Standort_Nadel_ORB-300x42.png 300w, https:\/\/www.esarom.com\/wp-content\/uploads\/2025\/11\/Standort_Nadel_ORB-768x107.png 768w, https:\/\/www.esarom.com\/wp-content\/uploads\/2025\/11\/Standort_Nadel_ORB-1536x214.png 1536w, https:\/\/www.esarom.com\/wp-content\/uploads\/2025\/11\/Standort_Nadel_ORB-2048x286.png 2048w\" sizes=\"(max-width: 800px) 100vw, 800px\" title=\"\">\t\t\t\t\t\t\t\t\t\t\t\t\t\t\t<\/div>\n\t\t\t\t<\/div>\n\t\t\t\t<div class=\"elementor-element elementor-element-fa0a854 elementor-widget elementor-widget-text-editor\" data-id=\"fa0a854\" data-element_type=\"widget\" data-e-type=\"widget\" data-widget_type=\"text-editor.default\">\n\t\t\t\t<div class=\"elementor-widget-container\">\n\t\t\t\t\t\t\t\t\t<p class=\"p1\">Unser Standort befindet sich in 2105 Oberrohrbach und ist nicht mit \u00f6ffentlichen Verkehrsmitteln erreichbar.<\/p>\t\t\t\t\t\t\t\t<\/div>\n\t\t\t\t<\/div>\n\t\t\t\t<\/div>\n\t\t\t\t\t<\/div>\n\t\t\t\t<\/div>\n\t\t\t\t\t<\/div>\n\t\t\t\t<\/div>\n\t\t<div class=\"elementor-element elementor-element-2ffed8b e-flex e-con-boxed e-con e-parent\" data-id=\"2ffed8b\" data-element_type=\"container\" data-e-type=\"container\">\n\t\t\t\t\t<div class=\"e-con-inner\">\n\t\t<div class=\"elementor-element elementor-element-4eb88b1 e-grid e-con-full e-con e-child\" data-id=\"4eb88b1\" data-element_type=\"container\" data-e-type=\"container\">\n\t\t\t\t<div class=\"elementor-element elementor-element-e0d2992 elementor-widget elementor-widget-image\" data-id=\"e0d2992\" data-element_type=\"widget\" data-e-type=\"widget\" data-widget_type=\"image.default\">\n\t\t\t\t<div class=\"elementor-widget-container\">\n\t\t\t\t\t\t\t\t\t\t\t\t\t\t\t<img decoding=\"async\" width=\"800\" height=\"287\" src=\"https:\/\/www.esarom.com\/wp-content\/uploads\/2026\/03\/Pfeile_SchrittAbis_aktiv_leer-1024x367.jpg\" class=\"attachment-large size-large wp-image-28936\" alt=\"A white hexagonal shape with an open left side and an orange border, resembling an arrow pointing to the right\u2014perfect for symbolizing a Bewerbung or application process.\" srcset=\"https:\/\/www.esarom.com\/wp-content\/uploads\/2026\/03\/Pfeile_SchrittAbis_aktiv_leer-1024x367.jpg 1024w, https:\/\/www.esarom.com\/wp-content\/uploads\/2026\/03\/Pfeile_SchrittAbis_aktiv_leer-300x108.jpg 300w, https:\/\/www.esarom.com\/wp-content\/uploads\/2026\/03\/Pfeile_SchrittAbis_aktiv_leer-768x276.jpg 768w, https:\/\/www.esarom.com\/wp-content\/uploads\/2026\/03\/Pfeile_SchrittAbis_aktiv_leer-1536x551.jpg 1536w, https:\/\/www.esarom.com\/wp-content\/uploads\/2026\/03\/Pfeile_SchrittAbis_aktiv_leer.jpg 1703w\" sizes=\"(max-width: 800px) 100vw, 800px\" title=\"\">\t\t\t\t\t\t\t\t\t\t\t\t\t\t\t<\/div>\n\t\t\t\t<\/div>\n\t\t\t\t<div class=\"elementor-element elementor-element-ed0b74f elementor-widget elementor-widget-image\" data-id=\"ed0b74f\" data-element_type=\"widget\" data-e-type=\"widget\" data-widget_type=\"image.default\">\n\t\t\t\t<div class=\"elementor-widget-container\">\n\t\t\t\t\t\t\t\t\t\t\t\t\t\t\t<img loading=\"lazy\" decoding=\"async\" width=\"800\" height=\"287\" src=\"https:\/\/www.esarom.com\/wp-content\/uploads\/2026\/02\/Pfeile_SchrittBbis-1024x367.jpg\" class=\"attachment-large size-large wp-image-28816\" alt=\"A large, solid orange arrow pointing to the right on a white background, symbolizing direction and forward movement\u2014ideal for Bewerbung or application related designs.\" srcset=\"https:\/\/www.esarom.com\/wp-content\/uploads\/2026\/02\/Pfeile_SchrittBbis-1024x367.jpg 1024w, https:\/\/www.esarom.com\/wp-content\/uploads\/2026\/02\/Pfeile_SchrittBbis-300x108.jpg 300w, https:\/\/www.esarom.com\/wp-content\/uploads\/2026\/02\/Pfeile_SchrittBbis-768x276.jpg 768w, https:\/\/www.esarom.com\/wp-content\/uploads\/2026\/02\/Pfeile_SchrittBbis-1536x551.jpg 1536w, https:\/\/www.esarom.com\/wp-content\/uploads\/2026\/02\/Pfeile_SchrittBbis.jpg 1703w\" sizes=\"(max-width: 800px) 100vw, 800px\" title=\"\">\t\t\t\t\t\t\t\t\t\t\t\t\t\t\t<\/div>\n\t\t\t\t<\/div>\n\t\t\t\t<div class=\"elementor-element elementor-element-ad18281 elementor-widget elementor-widget-image\" data-id=\"ad18281\" data-element_type=\"widget\" data-e-type=\"widget\" data-widget_type=\"image.default\">\n\t\t\t\t<div class=\"elementor-widget-container\">\n\t\t\t\t\t\t\t\t\t\t\t\t\t\t\t<img loading=\"lazy\" decoding=\"async\" width=\"800\" height=\"287\" src=\"https:\/\/www.esarom.com\/wp-content\/uploads\/2026\/02\/Pfeile_SchrittBbis-1024x367.jpg\" class=\"attachment-large size-large wp-image-28816\" alt=\"A large, solid orange arrow pointing to the right on a white background, symbolizing direction and forward movement\u2014ideal for Bewerbung or application related designs.\" srcset=\"https:\/\/www.esarom.com\/wp-content\/uploads\/2026\/02\/Pfeile_SchrittBbis-1024x367.jpg 1024w, https:\/\/www.esarom.com\/wp-content\/uploads\/2026\/02\/Pfeile_SchrittBbis-300x108.jpg 300w, https:\/\/www.esarom.com\/wp-content\/uploads\/2026\/02\/Pfeile_SchrittBbis-768x276.jpg 768w, https:\/\/www.esarom.com\/wp-content\/uploads\/2026\/02\/Pfeile_SchrittBbis-1536x551.jpg 1536w, https:\/\/www.esarom.com\/wp-content\/uploads\/2026\/02\/Pfeile_SchrittBbis.jpg 1703w\" sizes=\"(max-width: 800px) 100vw, 800px\" title=\"\">\t\t\t\t\t\t\t\t\t\t\t\t\t\t\t<\/div>\n\t\t\t\t<\/div>\n\t\t\t\t<div class=\"elementor-element elementor-element-e0645a6 elementor-widget elementor-widget-image\" data-id=\"e0645a6\" data-element_type=\"widget\" data-e-type=\"widget\" data-widget_type=\"image.default\">\n\t\t\t\t<div class=\"elementor-widget-container\">\n\t\t\t\t\t\t\t\t\t\t\t\t\t\t\t<img loading=\"lazy\" decoding=\"async\" width=\"800\" height=\"287\" src=\"https:\/\/www.esarom.com\/wp-content\/uploads\/2026\/02\/Pfeile_SchrittBbis-1024x367.jpg\" class=\"attachment-large size-large wp-image-28816\" alt=\"A large, solid orange arrow pointing to the right on a white background, symbolizing direction and forward movement\u2014ideal for Bewerbung or application related designs.\" srcset=\"https:\/\/www.esarom.com\/wp-content\/uploads\/2026\/02\/Pfeile_SchrittBbis-1024x367.jpg 1024w, https:\/\/www.esarom.com\/wp-content\/uploads\/2026\/02\/Pfeile_SchrittBbis-300x108.jpg 300w, https:\/\/www.esarom.com\/wp-content\/uploads\/2026\/02\/Pfeile_SchrittBbis-768x276.jpg 768w, https:\/\/www.esarom.com\/wp-content\/uploads\/2026\/02\/Pfeile_SchrittBbis-1536x551.jpg 1536w, https:\/\/www.esarom.com\/wp-content\/uploads\/2026\/02\/Pfeile_SchrittBbis.jpg 1703w\" sizes=\"(max-width: 800px) 100vw, 800px\" title=\"\">\t\t\t\t\t\t\t\t\t\t\t\t\t\t\t<\/div>\n\t\t\t\t<\/div>\n\t\t\t\t<\/div>\n\t\t\t\t\t<\/div>\n\t\t\t\t<\/div>\n\t\t<div class=\"elementor-element elementor-element-4bac730 e-flex e-con-boxed e-con e-parent\" data-id=\"4bac730\" data-element_type=\"container\" data-e-type=\"container\">\n\t\t\t\t\t<div class=\"e-con-inner\">\n\t\t\t\t<div class=\"elementor-element elementor-element-c0995c9 elementor-widget elementor-widget-heading\" data-id=\"c0995c9\" data-element_type=\"widget\" data-e-type=\"widget\" data-widget_type=\"heading.default\">\n\t\t\t\t<div class=\"elementor-widget-container\">\n\t\t\t\t\t<h2 class=\"elementor-heading-title elementor-size-default\">Verf\u00fcgst du \u00fcber ein eigenes Auto, um uns erreichen zu k\u00f6nnen?<\/h2>\t\t\t\t<\/div>\n\t\t\t\t<\/div>\n\t\t<div class=\"elementor-element elementor-element-a54394a e-flex e-con-boxed e-con e-child\" data-id=\"a54394a\" data-element_type=\"container\" data-e-type=\"container\">\n\t\t\t\t\t<div class=\"e-con-inner\">\n\t\t<div class=\"elementor-element elementor-element-1ba12b8 e-con-full e-flex e-con e-child\" data-id=\"1ba12b8\" data-element_type=\"container\" data-e-type=\"container\">\n\t\t\t\t<div class=\"elementor-element elementor-element-6165c2d elementor-align-center elementor-widget elementor-widget-button\" data-id=\"6165c2d\" data-element_type=\"widget\" data-e-type=\"widget\" data-widget_type=\"button.default\">\n\t\t\t\t<div class=\"elementor-widget-container\">\n\t\t\t\t\t\t\t\t\t<div class=\"elementor-button-wrapper\">\n\t\t\t\t\t<a class=\"elementor-button elementor-button-link elementor-size-sm\" href=\"https:\/\/www.esarom.com\/de\/bewerbung\/\">\n\t\t\t\t\t\t<span class=\"elementor-button-content-wrapper\">\n\t\t\t\t\t\t\t\t\t<span class=\"elementor-button-text\">Ja<\/span>\n\t\t\t\t\t<\/span>\n\t\t\t\t\t<\/a>\n\t\t\t\t<\/div>\n\t\t\t\t\t\t\t\t<\/div>\n\t\t\t\t<\/div>\n\t\t\t\t<div class=\"elementor-element elementor-element-e7bb23e elementor-align-center elementor-widget elementor-widget-button\" data-id=\"e7bb23e\" data-element_type=\"widget\" data-e-type=\"widget\" data-widget_type=\"button.default\">\n\t\t\t\t<div class=\"elementor-widget-container\">\n\t\t\t\t\t\t\t\t\t<div class=\"elementor-button-wrapper\">\n\t\t\t\t\t<a class=\"elementor-button elementor-button-link elementor-size-sm\" href=\"https:\/\/www.esarom.com\/de\/absage\/\">\n\t\t\t\t\t\t<span class=\"elementor-button-content-wrapper\">\n\t\t\t\t\t\t\t\t\t<span class=\"elementor-button-text\">Nein, leider nicht<\/span>\n\t\t\t\t\t<\/span>\n\t\t\t\t\t<\/a>\n\t\t\t\t<\/div>\n\t\t\t\t\t\t\t\t<\/div>\n\t\t\t\t<\/div>\n\t\t\t\t<\/div>\n\t\t\t\t\t<\/div>\n\t\t\t\t<\/div>\n\t\t\t\t\t<\/div>\n\t\t\t\t<\/div>\n\t\t<div class=\"elementor-element elementor-element-394dce9 e-flex e-con-boxed e-con e-parent\" data-id=\"394dce9\" data-element_type=\"container\" data-e-type=\"container\">\n\t\t\t\t\t<div class=\"e-con-inner\">\n\t\t\t\t<div class=\"elementor-element elementor-element-25ee8e5 elementor-widget elementor-widget-spacer\" data-id=\"25ee8e5\" data-element_type=\"widget\" data-e-type=\"widget\" data-widget_type=\"spacer.default\">\n\t\t\t\t<div class=\"elementor-widget-container\">\n\t\t\t\t\t\t\t<div class=\"elementor-spacer\">\n\t\t\t<div class=\"elementor-spacer-inner\"><\/div>\n\t\t<\/div>\n\t\t\t\t\t\t<\/div>\n\t\t\t\t<\/div>\n\t\t\t\t<div class=\"elementor-element elementor-element-aa11a9a elementor-widget elementor-widget-text-editor\" data-id=\"aa11a9a\" data-element_type=\"widget\" data-e-type=\"widget\" data-widget_type=\"text-editor.default\">\n\t\t\t\t<div class=\"elementor-widget-container\">\n\t\t\t\t\t\t\t\t\t<p class=\"p1\">Aus Gru\u0308nden der Lesbarkeit wird auf dieser Website darauf verzichtet, durchgehend geschlechtsspezifische Formulierungen zu verwenden. Soweit personenbezogene Bezeichnungen nur in m\u00e4nnlicher Form angefu\u0308hrt sind, beziehen sie sich auf Mann, Frau und Divers in gleicher Weise. Dies soll jedoch keinesfalls eine Geschlechterdiskriminierung oder eine Verletzung des Gleichheitsgrundsatzes zum Ausdruck bringen.<\/p>\t\t\t\t\t\t\t\t<\/div>\n\t\t\t\t<\/div>\n\t\t\t\t\t<\/div>\n\t\t\t\t<\/div>\n\t\t\t\t<\/div>\n\t\t","protected":false},"excerpt":{"rendered":"<p>Unser Standort befindet sich in 2105 Oberrohrbach und ist nicht mit \u00f6ffentlichen Verkehrsmitteln erreichbar. Verf\u00fcgst du \u00fcber ein eigenes Auto, um uns erreichen zu k\u00f6nnen? Ja Nein, leider nicht Aus Gru\u0308nden der Lesbarkeit wird auf dieser Website darauf verzichtet, durchgehend geschlechtsspezifische Formulierungen zu verwenden. Soweit personenbezogene Bezeichnungen nur in m\u00e4nnlicher Form angefu\u0308hrt sind, beziehen sie [&hellip;]<\/p>\n","protected":false},"author":2,"featured_media":0,"parent":0,"menu_order":0,"comment_status":"closed","ping_status":"closed","template":"elementor_header_footer","meta":{"_acf_changed":false,"inline_featured_image":false,"footnotes":""},"class_list":["post-27826","page","type-page","status-publish","hentry"],"acf":[],"_links":{"self":[{"href":"https:\/\/www.esarom.com\/de\/wp-json\/wp\/v2\/pages\/27826","targetHints":{"allow":["GET"]}}],"collection":[{"href":"https:\/\/www.esarom.com\/de\/wp-json\/wp\/v2\/pages"}],"about":[{"href":"https:\/\/www.esarom.com\/de\/wp-json\/wp\/v2\/types\/page"}],"author":[{"embeddable":true,"href":"https:\/\/www.esarom.com\/de\/wp-json\/wp\/v2\/users\/2"}],"replies":[{"embeddable":true,"href":"https:\/\/www.esarom.com\/de\/wp-json\/wp\/v2\/comments?post=27826"}],"version-history":[{"count":31,"href":"https:\/\/www.esarom.com\/de\/wp-json\/wp\/v2\/pages\/27826\/revisions"}],"predecessor-version":[{"id":29409,"href":"https:\/\/www.esarom.com\/de\/wp-json\/wp\/v2\/pages\/27826\/revisions\/29409"}],"wp:attachment":[{"href":"https:\/\/www.esarom.com\/de\/wp-json\/wp\/v2\/media?parent=27826"}],"curies":[{"name":"wp","href":"https:\/\/api.w.org\/{rel}","templated":true}]}}