{"id":28252,"date":"2026-02-05T11:48:19","date_gmt":"2026-02-05T10:48:19","guid":{"rendered":"https:\/\/www.esarom.com\/?page_id=28252"},"modified":"2026-04-09T10:34:39","modified_gmt":"2026-04-09T08:34:39","slug":"bewerbung-6","status":"publish","type":"page","link":"https:\/\/www.esarom.com\/de\/bewerbung-6\/","title":{"rendered":"Bewerbung 6"},"content":{"rendered":"\t\t<div data-elementor-type=\"wp-page\" data-elementor-id=\"28252\" class=\"elementor elementor-28252\" data-elementor-post-type=\"page\">\n\t\t\t\t<div class=\"elementor-element elementor-element-492ca37 e-con-full e-flex e-con e-parent\" data-id=\"492ca37\" data-element_type=\"container\" data-e-type=\"container\">\n\t\t\t\t<div class=\"elementor-element elementor-element-2b89135 elementor-widget elementor-widget-image\" data-id=\"2b89135\" data-element_type=\"widget\" data-e-type=\"widget\" data-widget_type=\"image.default\">\n\t\t\t\t<div class=\"elementor-widget-container\">\n\t\t\t\t\t\t\t\t\t\t\t\t\t\t\t<img fetchpriority=\"high\" decoding=\"async\" width=\"2071\" height=\"800\" src=\"https:\/\/www.esarom.com\/wp-content\/uploads\/2026\/04\/Wearehiring.jpg\" class=\"attachment-full size-full wp-image-29385\" alt=\"A hand holds a white megaphone with blue accents, emitting black sound waves and the words &quot;WE ARE HIRING \u2013 offene Stellen&quot; on an orange and gray abstract background.\" srcset=\"https:\/\/www.esarom.com\/wp-content\/uploads\/2026\/04\/Wearehiring.jpg 2071w, https:\/\/www.esarom.com\/wp-content\/uploads\/2026\/04\/Wearehiring-300x116.jpg 300w, https:\/\/www.esarom.com\/wp-content\/uploads\/2026\/04\/Wearehiring-1024x396.jpg 1024w, https:\/\/www.esarom.com\/wp-content\/uploads\/2026\/04\/Wearehiring-768x297.jpg 768w, https:\/\/www.esarom.com\/wp-content\/uploads\/2026\/04\/Wearehiring-1536x593.jpg 1536w, https:\/\/www.esarom.com\/wp-content\/uploads\/2026\/04\/Wearehiring-2048x791.jpg 2048w\" sizes=\"(max-width: 2071px) 100vw, 2071px\" title=\"\">\t\t\t\t\t\t\t\t\t\t\t\t\t\t\t<\/div>\n\t\t\t\t<\/div>\n\t\t\t\t<\/div>\n\t\t<div class=\"elementor-element elementor-element-61ef5f4 e-flex e-con-boxed e-con e-parent\" data-id=\"61ef5f4\" data-element_type=\"container\" data-e-type=\"container\">\n\t\t\t\t\t<div class=\"e-con-inner\">\n\t\t<div class=\"elementor-element elementor-element-3e8baf6 e-flex e-con-boxed e-con e-child\" data-id=\"3e8baf6\" data-element_type=\"container\" data-e-type=\"container\">\n\t\t\t\t\t<div class=\"e-con-inner\">\n\t\t<div class=\"elementor-element elementor-element-47cbe22 e-con-full elementor-hidden-mobile e-flex e-con e-child\" data-id=\"47cbe22\" data-element_type=\"container\" data-e-type=\"container\">\n\t\t\t\t<div class=\"elementor-element elementor-element-8a7ddaf elementor-invisible elementor-widget elementor-widget-image\" data-id=\"8a7ddaf\" data-element_type=\"widget\" data-e-type=\"widget\" data-settings=\"{&quot;_animation&quot;:&quot;fadeInUp&quot;,&quot;_animation_delay&quot;:300}\" data-widget_type=\"image.default\">\n\t\t\t\t<div class=\"elementor-widget-container\">\n\t\t\t\t\t\t\t\t\t\t\t\t\t\t\t<img decoding=\"async\" width=\"800\" height=\"112\" src=\"https:\/\/www.esarom.com\/wp-content\/uploads\/2025\/11\/Standort_Nadel_ORB-1024x143.png\" class=\"attachment-large size-large wp-image-27625\" alt=\"An orange map pin icon appears next to the German text \u201cStandort: Oberrohrbach Produktionslogistik\u201d on a light gray background.\" srcset=\"https:\/\/www.esarom.com\/wp-content\/uploads\/2025\/11\/Standort_Nadel_ORB-1024x143.png 1024w, https:\/\/www.esarom.com\/wp-content\/uploads\/2025\/11\/Standort_Nadel_ORB-300x42.png 300w, https:\/\/www.esarom.com\/wp-content\/uploads\/2025\/11\/Standort_Nadel_ORB-768x107.png 768w, https:\/\/www.esarom.com\/wp-content\/uploads\/2025\/11\/Standort_Nadel_ORB-1536x214.png 1536w, https:\/\/www.esarom.com\/wp-content\/uploads\/2025\/11\/Standort_Nadel_ORB-2048x286.png 2048w\" sizes=\"(max-width: 800px) 100vw, 800px\" title=\"\">\t\t\t\t\t\t\t\t\t\t\t\t\t\t\t<\/div>\n\t\t\t\t<\/div>\n\t\t\t\t<div class=\"elementor-element elementor-element-f93d7ea elementor-widget elementor-widget-text-editor\" data-id=\"f93d7ea\" data-element_type=\"widget\" data-e-type=\"widget\" data-widget_type=\"text-editor.default\">\n\t\t\t\t<div class=\"elementor-widget-container\">\n\t\t\t\t\t\t\t\t\t<p class=\"p1\">Unser Standort befindet sich in 2105 Oberrohrbach und ist nicht mit \u00f6ffentlichen Verkehrsmitteln erreichbar.<\/p>\t\t\t\t\t\t\t\t<\/div>\n\t\t\t\t<\/div>\n\t\t\t\t<\/div>\n\t\t\t\t\t<\/div>\n\t\t\t\t<\/div>\n\t\t\t\t\t<\/div>\n\t\t\t\t<\/div>\n\t\t<div class=\"elementor-element elementor-element-242c78a e-flex e-con-boxed e-con e-parent\" data-id=\"242c78a\" data-element_type=\"container\" data-e-type=\"container\">\n\t\t\t\t\t<div class=\"e-con-inner\">\n\t\t<div class=\"elementor-element elementor-element-2d06b58 e-grid e-con-full e-con e-child\" data-id=\"2d06b58\" data-element_type=\"container\" data-e-type=\"container\">\n\t\t\t\t<div class=\"elementor-element elementor-element-eda4c43 elementor-widget elementor-widget-image\" data-id=\"eda4c43\" data-element_type=\"widget\" data-e-type=\"widget\" data-widget_type=\"image.default\">\n\t\t\t\t<div class=\"elementor-widget-container\">\n\t\t\t\t\t\t\t\t\t\t\t\t\t\t\t<img decoding=\"async\" width=\"800\" height=\"287\" src=\"https:\/\/www.esarom.com\/wp-content\/uploads\/2026\/02\/Pfeile_SchrittAbis-1024x367.jpg\" class=\"attachment-large size-large wp-image-28812\" alt=\"A solid orange hexagonal arrow points to the right on a white background, symbolizing forward movement and progress\u2014perfect for use in Bewerbung materials.\" srcset=\"https:\/\/www.esarom.com\/wp-content\/uploads\/2026\/02\/Pfeile_SchrittAbis-1024x367.jpg 1024w, https:\/\/www.esarom.com\/wp-content\/uploads\/2026\/02\/Pfeile_SchrittAbis-300x108.jpg 300w, https:\/\/www.esarom.com\/wp-content\/uploads\/2026\/02\/Pfeile_SchrittAbis-768x276.jpg 768w, https:\/\/www.esarom.com\/wp-content\/uploads\/2026\/02\/Pfeile_SchrittAbis-1536x551.jpg 1536w, https:\/\/www.esarom.com\/wp-content\/uploads\/2026\/02\/Pfeile_SchrittAbis.jpg 1703w\" sizes=\"(max-width: 800px) 100vw, 800px\" title=\"\">\t\t\t\t\t\t\t\t\t\t\t\t\t\t\t<\/div>\n\t\t\t\t<\/div>\n\t\t\t\t<div class=\"elementor-element elementor-element-2f5562d elementor-widget elementor-widget-image\" data-id=\"2f5562d\" data-element_type=\"widget\" data-e-type=\"widget\" data-widget_type=\"image.default\">\n\t\t\t\t<div class=\"elementor-widget-container\">\n\t\t\t\t\t\t\t\t\t\t\t\t\t\t\t<img loading=\"lazy\" decoding=\"async\" width=\"800\" height=\"287\" src=\"https:\/\/www.esarom.com\/wp-content\/uploads\/2026\/02\/Pfeile_SchrittBbis-1024x367.jpg\" class=\"attachment-large size-large wp-image-28816\" alt=\"A large, solid orange arrow pointing to the right on a white background, symbolizing direction and forward movement\u2014ideal for Bewerbung or application related designs.\" srcset=\"https:\/\/www.esarom.com\/wp-content\/uploads\/2026\/02\/Pfeile_SchrittBbis-1024x367.jpg 1024w, https:\/\/www.esarom.com\/wp-content\/uploads\/2026\/02\/Pfeile_SchrittBbis-300x108.jpg 300w, https:\/\/www.esarom.com\/wp-content\/uploads\/2026\/02\/Pfeile_SchrittBbis-768x276.jpg 768w, https:\/\/www.esarom.com\/wp-content\/uploads\/2026\/02\/Pfeile_SchrittBbis-1536x551.jpg 1536w, https:\/\/www.esarom.com\/wp-content\/uploads\/2026\/02\/Pfeile_SchrittBbis.jpg 1703w\" sizes=\"(max-width: 800px) 100vw, 800px\" title=\"\">\t\t\t\t\t\t\t\t\t\t\t\t\t\t\t<\/div>\n\t\t\t\t<\/div>\n\t\t\t\t<div class=\"elementor-element elementor-element-563429c elementor-widget elementor-widget-image\" data-id=\"563429c\" data-element_type=\"widget\" data-e-type=\"widget\" data-widget_type=\"image.default\">\n\t\t\t\t<div class=\"elementor-widget-container\">\n\t\t\t\t\t\t\t\t\t\t\t\t\t\t\t<img loading=\"lazy\" decoding=\"async\" width=\"800\" height=\"287\" src=\"https:\/\/www.esarom.com\/wp-content\/uploads\/2026\/02\/Pfeile_SchrittBbis-1024x367.jpg\" class=\"attachment-large size-large wp-image-28816\" alt=\"A large, solid orange arrow pointing to the right on a white background, symbolizing direction and forward movement\u2014ideal for Bewerbung or application related designs.\" srcset=\"https:\/\/www.esarom.com\/wp-content\/uploads\/2026\/02\/Pfeile_SchrittBbis-1024x367.jpg 1024w, https:\/\/www.esarom.com\/wp-content\/uploads\/2026\/02\/Pfeile_SchrittBbis-300x108.jpg 300w, https:\/\/www.esarom.com\/wp-content\/uploads\/2026\/02\/Pfeile_SchrittBbis-768x276.jpg 768w, https:\/\/www.esarom.com\/wp-content\/uploads\/2026\/02\/Pfeile_SchrittBbis-1536x551.jpg 1536w, https:\/\/www.esarom.com\/wp-content\/uploads\/2026\/02\/Pfeile_SchrittBbis.jpg 1703w\" sizes=\"(max-width: 800px) 100vw, 800px\" title=\"\">\t\t\t\t\t\t\t\t\t\t\t\t\t\t\t<\/div>\n\t\t\t\t<\/div>\n\t\t\t\t<div class=\"elementor-element elementor-element-12d90fc elementor-widget elementor-widget-image\" data-id=\"12d90fc\" data-element_type=\"widget\" data-e-type=\"widget\" data-widget_type=\"image.default\">\n\t\t\t\t<div class=\"elementor-widget-container\">\n\t\t\t\t\t\t\t\t\t\t\t\t\t\t\t<img loading=\"lazy\" decoding=\"async\" width=\"800\" height=\"287\" src=\"https:\/\/www.esarom.com\/wp-content\/uploads\/2026\/03\/Pfeile_Schritt_aktiv_leerjpg-1024x367.jpg\" class=\"attachment-large size-large wp-image-28944\" alt=\"A white, empty hexagon with an orange outline, featuring two parallel vertical sides and angled edges, resembles a stylized arrow pointing right\u2014ideal for Bewerbung graphics or directional icons in application materials.\" srcset=\"https:\/\/www.esarom.com\/wp-content\/uploads\/2026\/03\/Pfeile_Schritt_aktiv_leerjpg-1024x367.jpg 1024w, https:\/\/www.esarom.com\/wp-content\/uploads\/2026\/03\/Pfeile_Schritt_aktiv_leerjpg-300x108.jpg 300w, https:\/\/www.esarom.com\/wp-content\/uploads\/2026\/03\/Pfeile_Schritt_aktiv_leerjpg-768x276.jpg 768w, https:\/\/www.esarom.com\/wp-content\/uploads\/2026\/03\/Pfeile_Schritt_aktiv_leerjpg-1536x551.jpg 1536w, https:\/\/www.esarom.com\/wp-content\/uploads\/2026\/03\/Pfeile_Schritt_aktiv_leerjpg.jpg 1703w\" sizes=\"(max-width: 800px) 100vw, 800px\" title=\"\">\t\t\t\t\t\t\t\t\t\t\t\t\t\t\t<\/div>\n\t\t\t\t<\/div>\n\t\t\t\t<\/div>\n\t\t\t\t\t<\/div>\n\t\t\t\t<\/div>\n\t\t<div class=\"elementor-element elementor-element-8acb57a e-flex e-con-boxed e-con e-parent\" data-id=\"8acb57a\" data-element_type=\"container\" data-e-type=\"container\">\n\t\t\t\t\t<div class=\"e-con-inner\">\n\t\t\t\t<div class=\"elementor-element elementor-element-5503492 elementor-widget elementor-widget-heading\" data-id=\"5503492\" data-element_type=\"widget\" data-e-type=\"widget\" data-widget_type=\"heading.default\">\n\t\t\t\t<div class=\"elementor-widget-container\">\n\t\t\t\t\t<h2 class=\"elementor-heading-title elementor-size-default\">F\u00fcr diese T\u00e4tigkeit sind gute Deutschkenntnisse notwendig. Trifft das auf dich zu?<\/h2>\t\t\t\t<\/div>\n\t\t\t\t<\/div>\n\t\t<div class=\"elementor-element elementor-element-c83b4df e-flex e-con-boxed e-con e-child\" data-id=\"c83b4df\" data-element_type=\"container\" data-e-type=\"container\">\n\t\t\t\t\t<div class=\"e-con-inner\">\n\t\t<div class=\"elementor-element elementor-element-92bd6fc e-con-full e-flex e-con e-child\" data-id=\"92bd6fc\" data-element_type=\"container\" data-e-type=\"container\">\n\t\t\t\t<div class=\"elementor-element elementor-element-bed0a1a elementor-align-center elementor-widget elementor-widget-button\" data-id=\"bed0a1a\" data-element_type=\"widget\" data-e-type=\"widget\" data-widget_type=\"button.default\">\n\t\t\t\t<div class=\"elementor-widget-container\">\n\t\t\t\t\t\t\t\t\t<div class=\"elementor-button-wrapper\">\n\t\t\t\t\t<a class=\"elementor-button elementor-button-link elementor-size-sm\" href=\"https:\/\/www.esarom.com\/de\/bewerbung-7\/\">\n\t\t\t\t\t\t<span class=\"elementor-button-content-wrapper\">\n\t\t\t\t\t\t\t\t\t<span class=\"elementor-button-text\">Ja<\/span>\n\t\t\t\t\t<\/span>\n\t\t\t\t\t<\/a>\n\t\t\t\t<\/div>\n\t\t\t\t\t\t\t\t<\/div>\n\t\t\t\t<\/div>\n\t\t\t\t<div class=\"elementor-element elementor-element-2e7a6d7 elementor-align-center elementor-widget elementor-widget-button\" data-id=\"2e7a6d7\" data-element_type=\"widget\" data-e-type=\"widget\" data-widget_type=\"button.default\">\n\t\t\t\t<div class=\"elementor-widget-container\">\n\t\t\t\t\t\t\t\t\t<div class=\"elementor-button-wrapper\">\n\t\t\t\t\t<a class=\"elementor-button elementor-button-link elementor-size-sm\" href=\"https:\/\/www.esarom.com\/de\/absage\/\">\n\t\t\t\t\t\t<span class=\"elementor-button-content-wrapper\">\n\t\t\t\t\t\t\t\t\t<span class=\"elementor-button-text\">Nein<\/span>\n\t\t\t\t\t<\/span>\n\t\t\t\t\t<\/a>\n\t\t\t\t<\/div>\n\t\t\t\t\t\t\t\t<\/div>\n\t\t\t\t<\/div>\n\t\t\t\t<\/div>\n\t\t\t\t\t<\/div>\n\t\t\t\t<\/div>\n\t\t\t\t\t<\/div>\n\t\t\t\t<\/div>\n\t\t<div class=\"elementor-element elementor-element-d7fc7d6 e-flex e-con-boxed e-con e-parent\" data-id=\"d7fc7d6\" data-element_type=\"container\" data-e-type=\"container\">\n\t\t\t\t\t<div class=\"e-con-inner\">\n\t\t\t\t<div class=\"elementor-element elementor-element-dad5c26 elementor-widget elementor-widget-spacer\" data-id=\"dad5c26\" data-element_type=\"widget\" data-e-type=\"widget\" data-widget_type=\"spacer.default\">\n\t\t\t\t<div class=\"elementor-widget-container\">\n\t\t\t\t\t\t\t<div class=\"elementor-spacer\">\n\t\t\t<div class=\"elementor-spacer-inner\"><\/div>\n\t\t<\/div>\n\t\t\t\t\t\t<\/div>\n\t\t\t\t<\/div>\n\t\t\t\t<div class=\"elementor-element elementor-element-538758d elementor-widget elementor-widget-text-editor\" data-id=\"538758d\" data-element_type=\"widget\" data-e-type=\"widget\" data-widget_type=\"text-editor.default\">\n\t\t\t\t<div class=\"elementor-widget-container\">\n\t\t\t\t\t\t\t\t\t<p class=\"p1\">Aus Gru\u0308nden der Lesbarkeit wird auf dieser Website darauf verzichtet, durchgehend geschlechtsspezifische Formulierungen zu verwenden. Soweit personenbezogene Bezeichnungen nur in m\u00e4nnlicher Form angefu\u0308hrt sind, beziehen sie sich auf Mann, Frau und Divers in gleicher Weise. Dies soll jedoch keinesfalls eine Geschlechterdiskriminierung oder eine Verletzung des Gleichheitsgrundsatzes zum Ausdruck bringen.<\/p>\t\t\t\t\t\t\t\t<\/div>\n\t\t\t\t<\/div>\n\t\t\t\t\t<\/div>\n\t\t\t\t<\/div>\n\t\t\t\t<\/div>\n\t\t","protected":false},"excerpt":{"rendered":"<p>Unser Standort befindet sich in 2105 Oberrohrbach und ist nicht mit \u00f6ffentlichen Verkehrsmitteln erreichbar. F\u00fcr diese T\u00e4tigkeit sind gute Deutschkenntnisse notwendig. Trifft das auf dich zu? Ja Nein Aus Gru\u0308nden der Lesbarkeit wird auf dieser Website darauf verzichtet, durchgehend geschlechtsspezifische Formulierungen zu verwenden. Soweit personenbezogene Bezeichnungen nur in m\u00e4nnlicher Form angefu\u0308hrt sind, beziehen sie sich [&hellip;]<\/p>\n","protected":false},"author":2,"featured_media":0,"parent":0,"menu_order":0,"comment_status":"closed","ping_status":"closed","template":"elementor_header_footer","meta":{"_acf_changed":false,"inline_featured_image":false,"footnotes":""},"class_list":["post-28252","page","type-page","status-publish","hentry"],"acf":[],"_links":{"self":[{"href":"https:\/\/www.esarom.com\/de\/wp-json\/wp\/v2\/pages\/28252","targetHints":{"allow":["GET"]}}],"collection":[{"href":"https:\/\/www.esarom.com\/de\/wp-json\/wp\/v2\/pages"}],"about":[{"href":"https:\/\/www.esarom.com\/de\/wp-json\/wp\/v2\/types\/page"}],"author":[{"embeddable":true,"href":"https:\/\/www.esarom.com\/de\/wp-json\/wp\/v2\/users\/2"}],"replies":[{"embeddable":true,"href":"https:\/\/www.esarom.com\/de\/wp-json\/wp\/v2\/comments?post=28252"}],"version-history":[{"count":34,"href":"https:\/\/www.esarom.com\/de\/wp-json\/wp\/v2\/pages\/28252\/revisions"}],"predecessor-version":[{"id":29419,"href":"https:\/\/www.esarom.com\/de\/wp-json\/wp\/v2\/pages\/28252\/revisions\/29419"}],"wp:attachment":[{"href":"https:\/\/www.esarom.com\/de\/wp-json\/wp\/v2\/media?parent=28252"}],"curies":[{"name":"wp","href":"https:\/\/api.w.org\/{rel}","templated":true}]}}