{"id":20388,"date":"2024-08-14T14:21:00","date_gmt":"2024-08-14T12:21:00","guid":{"rendered":"https:\/\/www.esarom.com\/telechargements\/code-de-conduite\/"},"modified":"2025-01-10T11:13:14","modified_gmt":"2025-01-10T10:13:14","slug":"code-de-conduite","status":"publish","type":"page","link":"https:\/\/www.esarom.com\/fr\/telechargements\/code-de-conduite\/","title":{"rendered":"Code de conduite"},"content":{"rendered":"\t\t<div data-elementor-type=\"wp-page\" data-elementor-id=\"20388\" class=\"elementor elementor-20388 elementor-3928\" data-elementor-post-type=\"page\">\n\t\t\t\t<div class=\"elementor-element elementor-element-8c72b76 e-flex e-con-boxed e-con e-parent\" data-id=\"8c72b76\" data-element_type=\"container\" data-e-type=\"container\">\n\t\t\t\t\t<div class=\"e-con-inner\">\n\t\t\t\t<div class=\"elementor-element elementor-element-def2b44 elementor-invisible elementor-widget elementor-widget-heading\" data-id=\"def2b44\" data-element_type=\"widget\" data-e-type=\"widget\" data-settings=\"{&quot;_animation&quot;:&quot;fadeInUp&quot;}\" data-widget_type=\"heading.default\">\n\t\t\t\t<div class=\"elementor-widget-container\">\n\t\t\t\t\t<h2 class=\"elementor-heading-title elementor-size-default\">CODE DE CONDUITE DES FOURNISSEURS<\/h2>\t\t\t\t<\/div>\n\t\t\t\t<\/div>\n\t\t\t\t<div class=\"elementor-element elementor-element-d135ed3 elementor-invisible elementor-widget elementor-widget-text-editor\" data-id=\"d135ed3\" data-element_type=\"widget\" data-e-type=\"widget\" data-settings=\"{&quot;_animation&quot;:&quot;fadeInUp&quot;}\" data-widget_type=\"text-editor.default\">\n\t\t\t\t<div class=\"elementor-widget-container\">\n\t\t\t\t\t\t\t\t\t<p>Le code de conduite d&rsquo;esarom r\u00e9sume les principes les plus importants d&rsquo;esarom gmbh, qui s&rsquo;appliquent \u00e0 toutes les unit\u00e9s commerciales et \u00e0 tous les sites d&rsquo;esarom, ainsi qu&rsquo;\u00e0 tous les employ\u00e9s d&rsquo;esarom. Nous attendons \u00e9galement de nos fournisseurs qu&rsquo;ils respectent ces principes de conduite. <\/p>\n\t\t\t\t\t\t\t\t<\/div>\n\t\t\t\t<\/div>\n\t\t\t\t\t<\/div>\n\t\t\t\t<\/div>\n\t\t<div class=\"elementor-element elementor-element-d2d20ec e-flex e-con-boxed e-con e-parent\" data-id=\"d2d20ec\" data-element_type=\"container\" data-e-type=\"container\">\n\t\t\t\t\t<div class=\"e-con-inner\">\n\t\t\t\t<div class=\"elementor-element elementor-element-32fe6b8 elementor-invisible elementor-widget elementor-widget-heading\" data-id=\"32fe6b8\" data-element_type=\"widget\" data-e-type=\"widget\" data-settings=\"{&quot;_animation&quot;:&quot;fadeInUp&quot;}\" data-widget_type=\"heading.default\">\n\t\t\t\t<div class=\"elementor-widget-container\">\n\t\t\t\t\t<h2 class=\"elementor-heading-title elementor-size-default\">LOIS ET R\u00c8GLEMENTS<\/h2>\t\t\t\t<\/div>\n\t\t\t\t<\/div>\n\t\t\t\t<div class=\"elementor-element elementor-element-f0230a6 elementor-invisible elementor-widget elementor-widget-text-editor\" data-id=\"f0230a6\" data-element_type=\"widget\" data-e-type=\"widget\" data-settings=\"{&quot;_animation&quot;:&quot;fadeInUp&quot;}\" data-widget_type=\"text-editor.default\">\n\t\t\t\t<div class=\"elementor-widget-container\">\n\t\t\t\t\t\t\t\t\t<p>Notre entreprise respecte les lois et r\u00e8glements applicables dans les pays o\u00f9 elle op\u00e8re.<\/p>\n\t\t\t\t\t\t\t\t<\/div>\n\t\t\t\t<\/div>\n\t\t\t\t<div class=\"elementor-element elementor-element-806e13d elementor-invisible elementor-widget elementor-widget-heading\" data-id=\"806e13d\" data-element_type=\"widget\" data-e-type=\"widget\" data-settings=\"{&quot;_animation&quot;:&quot;fadeInUp&quot;}\" data-widget_type=\"heading.default\">\n\t\t\t\t<div class=\"elementor-widget-container\">\n\t\t\t\t\t<h2 class=\"elementor-heading-title elementor-size-default\">TRANSPARENCE<\/h2>\t\t\t\t<\/div>\n\t\t\t\t<\/div>\n\t\t\t\t<div class=\"elementor-element elementor-element-b7fdf89 elementor-invisible elementor-widget elementor-widget-text-editor\" data-id=\"b7fdf89\" data-element_type=\"widget\" data-e-type=\"widget\" data-settings=\"{&quot;_animation&quot;:&quot;fadeInUp&quot;}\" data-widget_type=\"text-editor.default\">\n\t\t\t\t<div class=\"elementor-widget-container\">\n\t\t\t\t\t\t\t\t\t<p>Notre entreprise s&rsquo;engage \u00e0 r\u00e9pondre au besoin d&rsquo;information sur les produits et leur production, en particulier dans le domaine de la production alimentaire. Dans la mesure du possible, notre entreprise divulguera ces informations \u00e0 ses clients. <\/p>\n\t\t\t\t\t\t\t\t<\/div>\n\t\t\t\t<\/div>\n\t\t\t\t<div class=\"elementor-element elementor-element-3a9348f elementor-invisible elementor-widget elementor-widget-heading\" data-id=\"3a9348f\" data-element_type=\"widget\" data-e-type=\"widget\" data-settings=\"{&quot;_animation&quot;:&quot;fadeInUp&quot;}\" data-widget_type=\"heading.default\">\n\t\t\t\t<div class=\"elementor-widget-container\">\n\t\t\t\t\t<h2 class=\"elementor-heading-title elementor-size-default\">CITOYENNET\u00c9 D'ENTREPRISE<\/h2>\t\t\t\t<\/div>\n\t\t\t\t<\/div>\n\t\t\t\t<div class=\"elementor-element elementor-element-786f2c7 elementor-invisible elementor-widget elementor-widget-text-editor\" data-id=\"786f2c7\" data-element_type=\"widget\" data-e-type=\"widget\" data-settings=\"{&quot;_animation&quot;:&quot;fadeInUp&quot;}\" data-widget_type=\"text-editor.default\">\n\t\t\t\t<div class=\"elementor-widget-container\">\n\t\t\t\t\t\t\t\t\t<p>Notre entreprise d\u00e9montre sa citoyennet\u00e9 en apportant des contributions positives aux communaut\u00e9s dans lesquelles elle exerce ses activit\u00e9s.<\/p>\n\t\t\t\t\t\t\t\t<\/div>\n\t\t\t\t<\/div>\n\t\t\t\t<div class=\"elementor-element elementor-element-c04260f elementor-invisible elementor-widget elementor-widget-heading\" data-id=\"c04260f\" data-element_type=\"widget\" data-e-type=\"widget\" data-settings=\"{&quot;_animation&quot;:&quot;fadeInUp&quot;}\" data-widget_type=\"heading.default\">\n\t\t\t\t<div class=\"elementor-widget-container\">\n\t\t\t\t\t<h2 class=\"elementor-heading-title elementor-size-default\">INT\u00c9GRIT\u00c9 ET LUTTE CONTRE LA CORRUPTION<\/h2>\t\t\t\t<\/div>\n\t\t\t\t<\/div>\n\t\t\t\t<div class=\"elementor-element elementor-element-6c0a688 elementor-invisible elementor-widget elementor-widget-text-editor\" data-id=\"6c0a688\" data-element_type=\"widget\" data-e-type=\"widget\" data-settings=\"{&quot;_animation&quot;:&quot;fadeInUp&quot;}\" data-widget_type=\"text-editor.default\">\n\t\t\t\t<div class=\"elementor-widget-container\">\n\t\t\t\t\t\t\t\t\t<p>Notre entreprise s&rsquo;engage \u00e0 respecter des valeurs et des principes \u00e9thiques. L&rsquo;int\u00e9grit\u00e9, l&rsquo;honn\u00eatet\u00e9, le respect de la dignit\u00e9 humaine, l&rsquo;ouverture et la non-discrimination sur la base de la religion, de l&rsquo;id\u00e9ologie, du sexe, de l&rsquo;orientation sexuelle, de l&rsquo;origine ou de l&rsquo;ethnicit\u00e9 sont des principes essentiels de toutes nos activit\u00e9s. Dans le cadre de la cha\u00eene d&rsquo;approvisionnement, nous nous acquittons toujours de nos obligations de diligence raisonnable en mati\u00e8re de conduite responsable des affaires. Notre entreprise rejette toute forme de corruption ou de pots-de-vin telle que d\u00e9finie par la convention des Nations unies en la mati\u00e8re. Il est interdit aux employ\u00e9s de notre entreprise d&rsquo;accepter des faveurs et d&rsquo;influencer des tiers par ce biais. Ils doivent \u00e9galement s&rsquo;abstenir de toute action qui pourrait donner l&rsquo;impression d&rsquo;une influence interdite. Les employ\u00e9s ne peuvent accepter que l&rsquo;hospitalit\u00e9 dans les limites habituelles et des cadeaux symboliques, appropri\u00e9s aux circonstances. En cas de doute, l&rsquo;approbation du conseil d&rsquo;administration doit \u00eatre obtenue. En tout \u00e9tat de cause, l&rsquo;acceptation et l&rsquo;offre d&rsquo;avantages financiers (esp\u00e8ces, commissions, pr\u00eats, etc.) sont interdites.        <\/p>\n\t\t\t\t\t\t\t\t<\/div>\n\t\t\t\t<\/div>\n\t\t\t\t<div class=\"elementor-element elementor-element-53035fc elementor-invisible elementor-widget elementor-widget-heading\" data-id=\"53035fc\" data-element_type=\"widget\" data-e-type=\"widget\" data-settings=\"{&quot;_animation&quot;:&quot;fadeInUp&quot;}\" data-widget_type=\"heading.default\">\n\t\t\t\t<div class=\"elementor-widget-container\">\n\t\t\t\t\t<h2 class=\"elementor-heading-title elementor-size-default\">TRAVAIL FORC\u00c9<\/h2>\t\t\t\t<\/div>\n\t\t\t\t<\/div>\n\t\t\t\t<div class=\"elementor-element elementor-element-1c2951a elementor-invisible elementor-widget elementor-widget-text-editor\" data-id=\"1c2951a\" data-element_type=\"widget\" data-e-type=\"widget\" data-settings=\"{&quot;_animation&quot;:&quot;fadeInUp&quot;}\" data-widget_type=\"text-editor.default\">\n\t\t\t\t<div class=\"elementor-widget-container\">\n\t\t\t\t\t\t\t\t\t<p>Notre entreprise n&rsquo;a pas recours au travail forc\u00e9 ou au travail non r\u00e9mun\u00e9r\u00e9 et n&rsquo;en b\u00e9n\u00e9ficie pas.<\/p>\n\t\t\t\t\t\t\t\t<\/div>\n\t\t\t\t<\/div>\n\t\t\t\t<div class=\"elementor-element elementor-element-5217ce5 elementor-invisible elementor-widget elementor-widget-heading\" data-id=\"5217ce5\" data-element_type=\"widget\" data-e-type=\"widget\" data-settings=\"{&quot;_animation&quot;:&quot;fadeInUp&quot;}\" data-widget_type=\"heading.default\">\n\t\t\t\t<div class=\"elementor-widget-container\">\n\t\t\t\t\t<h2 class=\"elementor-heading-title elementor-size-default\">TRAVAIL DES ENFANTS<\/h2>\t\t\t\t<\/div>\n\t\t\t\t<\/div>\n\t\t\t\t<div class=\"elementor-element elementor-element-9b73f8f elementor-invisible elementor-widget elementor-widget-text-editor\" data-id=\"9b73f8f\" data-element_type=\"widget\" data-e-type=\"widget\" data-settings=\"{&quot;_animation&quot;:&quot;fadeInUp&quot;}\" data-widget_type=\"text-editor.default\">\n\t\t\t\t<div class=\"elementor-widget-container\">\n\t\t\t\t\t\t\t\t\t<p>Notre entreprise ne recourt pas au travail des enfants et n&rsquo;en b\u00e9n\u00e9ficie pas. Les restrictions d&rsquo;\u00e2ge en vigueur dans le pays d&rsquo;activit\u00e9 sont respect\u00e9es. Quoi qu&rsquo;il en soit, aucune personne ayant l&rsquo;\u00e2ge de la scolarit\u00e9 obligatoire et\/ou moins de 15 ans ne sera affect\u00e9e \u00e0 un travail (sous r\u00e9serve des exceptions stipul\u00e9es dans la convention 138 de l&rsquo;OIT). Les employ\u00e9s de moins de 18 ans ne peuvent effectuer aucun travail dangereux et peuvent \u00eatre exempt\u00e9s du travail de nuit en raison de leurs besoins \u00e9ducatifs.   <\/p>\n\t\t\t\t\t\t\t\t<\/div>\n\t\t\t\t<\/div>\n\t\t\t\t<div class=\"elementor-element elementor-element-c8cc48a elementor-invisible elementor-widget elementor-widget-heading\" data-id=\"c8cc48a\" data-element_type=\"widget\" data-e-type=\"widget\" data-settings=\"{&quot;_animation&quot;:&quot;fadeInUp&quot;}\" data-widget_type=\"heading.default\">\n\t\t\t\t<div class=\"elementor-widget-container\">\n\t\t\t\t\t<h2 class=\"elementor-heading-title elementor-size-default\">HARC\u00c8LEMENT<\/h2>\t\t\t\t<\/div>\n\t\t\t\t<\/div>\n\t\t\t\t<div class=\"elementor-element elementor-element-027caca elementor-invisible elementor-widget elementor-widget-text-editor\" data-id=\"027caca\" data-element_type=\"widget\" data-e-type=\"widget\" data-settings=\"{&quot;_animation&quot;:&quot;fadeInUp&quot;}\" data-widget_type=\"text-editor.default\">\n\t\t\t\t<div class=\"elementor-widget-container\">\n\t\t\t\t\t\t\t\t\t<p>Les employ\u00e9s ne seront pas harcel\u00e9s ou abus\u00e9s physiquement, sexuellement, psychologiquement ou verbalement et ne seront pas non plus punis physiquement.<\/p>\n\t\t\t\t\t\t\t\t<\/div>\n\t\t\t\t<\/div>\n\t\t\t\t<div class=\"elementor-element elementor-element-73f371d elementor-invisible elementor-widget elementor-widget-heading\" data-id=\"73f371d\" data-element_type=\"widget\" data-e-type=\"widget\" data-settings=\"{&quot;_animation&quot;:&quot;fadeInUp&quot;}\" data-widget_type=\"heading.default\">\n\t\t\t\t<div class=\"elementor-widget-container\">\n\t\t\t\t\t<h2 class=\"elementor-heading-title elementor-size-default\">R\u00c9MUN\u00c9RATION ET AVANTAGES<\/h2>\t\t\t\t<\/div>\n\t\t\t\t<\/div>\n\t\t\t\t<div class=\"elementor-element elementor-element-91bfa6b elementor-invisible elementor-widget elementor-widget-text-editor\" data-id=\"91bfa6b\" data-element_type=\"widget\" data-e-type=\"widget\" data-settings=\"{&quot;_animation&quot;:&quot;fadeInUp&quot;}\" data-widget_type=\"text-editor.default\">\n\t\t\t\t<div class=\"elementor-widget-container\">\n\t\t\t\t\t\t\t\t\t<p>Toutes les compensations sont \u00e9gales ou sup\u00e9rieures aux niveaux stipul\u00e9s par les lois et r\u00e8glements applicables.<\/p>\n\t\t\t\t\t\t\t\t<\/div>\n\t\t\t\t<\/div>\n\t\t\t\t<div class=\"elementor-element elementor-element-b572c6b elementor-invisible elementor-widget elementor-widget-heading\" data-id=\"b572c6b\" data-element_type=\"widget\" data-e-type=\"widget\" data-settings=\"{&quot;_animation&quot;:&quot;fadeInUp&quot;}\" data-widget_type=\"heading.default\">\n\t\t\t\t<div class=\"elementor-widget-container\">\n\t\t\t\t\t<h2 class=\"elementor-heading-title elementor-size-default\">NON-DISCRIMINATION<\/h2>\t\t\t\t<\/div>\n\t\t\t\t<\/div>\n\t\t\t\t<div class=\"elementor-element elementor-element-1aed258 elementor-invisible elementor-widget elementor-widget-text-editor\" data-id=\"1aed258\" data-element_type=\"widget\" data-e-type=\"widget\" data-settings=\"{&quot;_animation&quot;:&quot;fadeInUp&quot;}\" data-widget_type=\"text-editor.default\">\n\t\t\t\t<div class=\"elementor-widget-container\">\n\t\t\t\t\t\t\t\t\t<p>En ce qui concerne toutes les d\u00e9cisions relatives \u00e0 l&#8217;emploi, y compris l&#8217;embauche et la promotion, la r\u00e9mun\u00e9ration, les avantages sociaux, la formation, les licenciements et les cessations d&rsquo;activit\u00e9, tous les salari\u00e9s seront trait\u00e9s strictement en fonction de leurs capacit\u00e9s et de leurs qualifications, sans distinction de sexe, d&rsquo;\u00e2ge, d&rsquo;origine, d&rsquo;orientation sexuelle, de religion et d&rsquo;id\u00e9ologie.<\/p>\n\t\t\t\t\t\t\t\t<\/div>\n\t\t\t\t<\/div>\n\t\t\t\t<div class=\"elementor-element elementor-element-39673cd elementor-invisible elementor-widget elementor-widget-heading\" data-id=\"39673cd\" data-element_type=\"widget\" data-e-type=\"widget\" data-settings=\"{&quot;_animation&quot;:&quot;fadeInUp&quot;}\" data-widget_type=\"heading.default\">\n\t\t\t\t<div class=\"elementor-widget-container\">\n\t\t\t\t\t<h2 class=\"elementor-heading-title elementor-size-default\">LA SANT\u00c9 ET LA S\u00c9CURIT\u00c9 AU TRAVAIL<\/h2>\t\t\t\t<\/div>\n\t\t\t\t<\/div>\n\t\t\t\t<div class=\"elementor-element elementor-element-8d71e3a elementor-invisible elementor-widget elementor-widget-text-editor\" data-id=\"8d71e3a\" data-element_type=\"widget\" data-e-type=\"widget\" data-settings=\"{&quot;_animation&quot;:&quot;fadeInUp&quot;}\" data-widget_type=\"text-editor.default\">\n\t\t\t\t<div class=\"elementor-widget-container\">\n\t\t\t\t\t\t\t\t\t<p>Pour pr\u00e9venir les accidents et les blessures, notre entreprise offre un environnement de travail s\u00fbr et sain et soutient l&rsquo;am\u00e9lioration des conditions de travail.<\/p>\n\t\t\t\t\t\t\t\t<\/div>\n\t\t\t\t<\/div>\n\t\t\t\t<div class=\"elementor-element elementor-element-6b1652a elementor-invisible elementor-widget elementor-widget-heading\" data-id=\"6b1652a\" data-element_type=\"widget\" data-e-type=\"widget\" data-settings=\"{&quot;_animation&quot;:&quot;fadeInUp&quot;}\" data-widget_type=\"heading.default\">\n\t\t\t\t<div class=\"elementor-widget-container\">\n\t\t\t\t\t<h2 class=\"elementor-heading-title elementor-size-default\">LA LIBERT\u00c9 DE R\u00c9UNION<\/h2>\t\t\t\t<\/div>\n\t\t\t\t<\/div>\n\t\t\t\t<div class=\"elementor-element elementor-element-be033d9 elementor-invisible elementor-widget elementor-widget-text-editor\" data-id=\"be033d9\" data-element_type=\"widget\" data-e-type=\"widget\" data-settings=\"{&quot;_animation&quot;:&quot;fadeInUp&quot;}\" data-widget_type=\"text-editor.default\">\n\t\t\t\t<div class=\"elementor-widget-container\">\n\t\t\t\t\t\t\t\t\t<p>Notre entreprise reconna\u00eet et respecte la libert\u00e9 d&rsquo;association de ses employ\u00e9s.<\/p>\n\t\t\t\t\t\t\t\t<\/div>\n\t\t\t\t<\/div>\n\t\t\t\t<div class=\"elementor-element elementor-element-f6ce0f4 elementor-invisible elementor-widget elementor-widget-heading\" data-id=\"f6ce0f4\" data-element_type=\"widget\" data-e-type=\"widget\" data-settings=\"{&quot;_animation&quot;:&quot;fadeInUp&quot;}\" data-widget_type=\"heading.default\">\n\t\t\t\t<div class=\"elementor-widget-container\">\n\t\t\t\t\t<h2 class=\"elementor-heading-title elementor-size-default\">ENVIRONNEMENT<\/h2>\t\t\t\t<\/div>\n\t\t\t\t<\/div>\n\t\t\t\t<div class=\"elementor-element elementor-element-4b15709 elementor-invisible elementor-widget elementor-widget-text-editor\" data-id=\"4b15709\" data-element_type=\"widget\" data-e-type=\"widget\" data-settings=\"{&quot;_animation&quot;:&quot;fadeInUp&quot;}\" data-widget_type=\"text-editor.default\">\n\t\t\t\t<div class=\"elementor-widget-container\">\n\t\t\t\t\t\t\t\t\t<p>Notre entreprise respecte toutes les r\u00e9glementations applicables en mati\u00e8re de protection de l&rsquo;environnement. En outre, notre entreprise met en \u0153uvre, maintient et am\u00e9liore constamment des processus respectueux de l&rsquo;environnement dans toutes les installations o\u00f9 elle op\u00e8re. Les am\u00e9liorations r\u00e9alis\u00e9es et les mesures pr\u00e9vues sont document\u00e9es et cette documentation est mise \u00e0 la disposition de nos clients si n\u00e9cessaire.  <\/p>\n\t\t\t\t\t\t\t\t<\/div>\n\t\t\t\t<\/div>\n\t\t\t\t\t<\/div>\n\t\t\t\t<\/div>\n\t\t<div class=\"elementor-element elementor-element-737751a e-flex e-con-boxed e-con e-parent\" data-id=\"737751a\" data-element_type=\"container\" data-e-type=\"container\">\n\t\t\t\t\t<div class=\"e-con-inner\">\n\t\t\t\t<div class=\"elementor-element elementor-element-9b24815 elementor-widget elementor-widget-embedpress_pdf\" data-id=\"9b24815\" data-element_type=\"widget\" data-e-type=\"widget\" data-widget_type=\"embedpress_pdf.default\">\n\t\t\t\t<div class=\"elementor-widget-container\">\n\t\t\t\t\t    <div class=\"embedpress-document-embed ep-doc-5de86f9354e4413e058f4e6565ca1f8f ose-document emebedpress-unit-percent \" data-thememode=\"light\" data-customcolor=\"\" data-toolbar=\"yes\" data-toolbar-position=\"bottom\" data-open=\"no\" data-presentation-mode=\"\" data-download=\"yes\" data-copy=\"yes\" data-add-image=\"\" data-rotate=\"\" data-details=\"\" data-id=\"embedpress-pdf-9b24815\" data-selection-tool=\"0\" data-scrolling=\"0\" data-spreads=\"-1\" style=\" max-width:100%; display: inline-block\">\n\n        \n                <div >\n\n                    <div id=\"ep-elementor-content-9b24815\" class=\"ep-elementor-content   ep-percentage-width   ep-content-protection-disabled\">\n                        <div id=\"9b24815\" class=\"ep-embed-content-wraper\">\n                            <div><iframe title=\"CodeOfConduct_Purchasing\" class=\"embedpress-embed-document-pdf embedpress-pdf-9b24815\" style=\"width: 600%!important;height: 800px;; max-width:100%; display: inline-block\" src=\"https:\/\/www.esarom.com\/wp-admin\/admin-ajax.php?action=get_flipbook_viewer&#038;file=https%3A%2F%2Fwww.esarom.com%2Fwp-content%2Fuploads%2F2024%2F09%2FCodeOfConduct_Purchasing.pdf&#038;key=dGhlbWVNb2RlPWxpZ2h0JnRvb2xiYXI9dHJ1ZSZwb3NpdGlvbj1ib3R0b20mcHJlc2VudGF0aW9uPWZhbHNlJmxhenlMb2FkPWZhbHNlJmRvd25sb2FkPXRydWUmY29weV90ZXh0PXRydWUmYWRkX3RleHQ9ZmFsc2UmZHJhdz10cnVlJmFkZF9pbWFnZT1mYWxzZSZwZGZfcm90YXRpb249ZmFsc2UmcGRmX2RldGFpbHM9ZmFsc2Umem9vbV9pbj10cnVlJnpvb21fb3V0PXRydWUmZml0X3ZpZXc9dHJ1ZSZib29rbWFyaz10cnVlJnNvdW5kPXRydWUmZmxpcGJvb2tfdG9vbGJhcl9wb3NpdGlvbj1ib3R0b20mc2VsZWN0aW9uX3Rvb2w9MCZzY3JvbGxpbmc9MCZzcHJlYWRzPS0xJmlzX3Byb19hY3RpdmU9MCZwYWdlTnVtYmVyPTEmd2F0ZXJtYXJrX3RleHQ9JndhdGVybWFya19mb250X3NpemU9NDgmd2F0ZXJtYXJrX2NvbG9yPSUyMzAwMDAwMCZ3YXRlcm1hcmtfb3BhY2l0eT0xNSZ3YXRlcm1hcmtfc3R5bGU9Y2VudGVy\" class=\"embedpress-embed-document-pdf embedpress-pdf-9b24815\" data-emid=\"embedpress-pdf-9b24815\" data-embed-type=\"PDF\" frameborder=\"0\"><\/iframe><\/div>                        <\/div>\n\n                    <\/div>\n\n\n                   \n                <\/div>\n            \n    <\/div>\n\n\t\t\t\t<\/div>\n\t\t\t\t<\/div>\n\t\t\t\t\t<\/div>\n\t\t\t\t<\/div>\n\t\t\t\t<\/div>\n\t\t","protected":false},"excerpt":{"rendered":"<p>CODE DE CONDUITE DES FOURNISSEURS Le code de conduite d&rsquo;esarom r\u00e9sume les principes les plus importants d&rsquo;esarom gmbh, qui s&rsquo;appliquent \u00e0 toutes les unit\u00e9s commerciales et \u00e0 tous les sites d&rsquo;esarom, ainsi qu&rsquo;\u00e0 tous les employ\u00e9s d&rsquo;esarom. Nous attendons \u00e9galement de nos fournisseurs qu&rsquo;ils respectent ces principes de conduite. LOIS ET R\u00c8GLEMENTS Notre entreprise respecte [&hellip;]<\/p>\n","protected":false},"author":2,"featured_media":0,"parent":18614,"menu_order":0,"comment_status":"closed","ping_status":"closed","template":"elementor_header_footer","meta":{"_acf_changed":false,"inline_featured_image":false,"footnotes":""},"class_list":["post-20388","page","type-page","status-publish","hentry"],"acf":[],"_links":{"self":[{"href":"https:\/\/www.esarom.com\/fr\/wp-json\/wp\/v2\/pages\/20388","targetHints":{"allow":["GET"]}}],"collection":[{"href":"https:\/\/www.esarom.com\/fr\/wp-json\/wp\/v2\/pages"}],"about":[{"href":"https:\/\/www.esarom.com\/fr\/wp-json\/wp\/v2\/types\/page"}],"author":[{"embeddable":true,"href":"https:\/\/www.esarom.com\/fr\/wp-json\/wp\/v2\/users\/2"}],"replies":[{"embeddable":true,"href":"https:\/\/www.esarom.com\/fr\/wp-json\/wp\/v2\/comments?post=20388"}],"version-history":[{"count":1,"href":"https:\/\/www.esarom.com\/fr\/wp-json\/wp\/v2\/pages\/20388\/revisions"}],"predecessor-version":[{"id":20391,"href":"https:\/\/www.esarom.com\/fr\/wp-json\/wp\/v2\/pages\/20388\/revisions\/20391"}],"up":[{"embeddable":true,"href":"https:\/\/www.esarom.com\/fr\/wp-json\/wp\/v2\/pages\/18614"}],"wp:attachment":[{"href":"https:\/\/www.esarom.com\/fr\/wp-json\/wp\/v2\/media?parent=20388"}],"curies":[{"name":"wp","href":"https:\/\/api.w.org\/{rel}","templated":true}]}}